{"id":10549,"date":"2025-08-25T11:10:25","date_gmt":"2025-08-25T15:10:25","guid":{"rendered":"https:\/\/www.eaucube.com\/branding-v2\/"},"modified":"2026-03-10T13:25:50","modified_gmt":"2026-03-10T17:25:50","slug":"b2b-branding","status":"publish","type":"page","link":"https:\/\/www.eaucube.com\/en\/b2b-branding\/","title":{"rendered":"Branding"},"content":{"rendered":"\n<section class=\"mcw-fp-wrapper\"><div class=\"mcw-fp-section mcw-fp-section_7891f9-76\" data-bg-img-id=\"10129\" data-anchor=\"section1\"><div class=\"fp-bg\"><\/div><div class=\"mcw-fp-section-inner\">\n<div class=\"wp-block-columns alignwide are-vertically-aligned-center is-layout-flex wp-container-core-columns-is-layout-9d6595d7 wp-block-columns-is-layout-flex\">\n<div class=\"wp-block-column is-vertically-aligned-center has-background-color has-text-color has-link-color wp-elements-2c604ce1dee35087200444d61f6ed2e0 is-layout-flow wp-block-column-is-layout-flow\">\n<h1 class=\"wp-block-heading has-text-color has-link-color has-large-font-size wp-elements-dfe64cbee699203e70bd7955ef6a3c60\" id=\"h-branding\" style=\"color:#18dfec\">BRANDING\u200b<\/h1>\n\n\n\n<h2 class=\"wp-block-heading has-background-color has-text-color has-link-color wp-elements-f4fa65a298207fbdfbcfbf56c5520571\" id=\"h-we-help-businesses-shape-their-identity-and-stant-out\">We help businesses\u200b<br>shape their identity \u200band stant out.<\/h2>\n\n\n\n<p>\u200b<\/p>\n<\/div>\n\n\n\n<div class=\"wp-block-column is-vertically-aligned-center has-background-color has-text-color has-link-color wp-elements-38df15427baf7d7d2ff717ec2bfaf95b is-layout-flow wp-block-column-is-layout-flow\">\n<p class=\"has-background-color has-text-color has-link-color has-large-font-size wp-elements-5abb11d517e0847b0d797600c8b3f619\">A brand identity is not just about giving your business a great look. It serves to identify and differentiate your brand while instilling trust in both your brand and your products.<\/p>\n\n\n\n<p class=\"has-background-color has-text-color has-link-color has-large-font-size wp-elements-65168f2e1d904d6670bb323b505b7c9d\">Whether you sell professional services, business jets, or advanced military technologies, your brand identity directly influences your customers\u2019 decision-making process \u2014 and ultimately, your growth.<\/p>\n\n\n\n<div class=\"wp-block-group alignwide has-background-color has-text-color has-link-color wp-elements-8128d1ba5fb5343b432d5a5cd1c0887f\"><div class=\"wp-block-group__inner-container is-layout-constrained wp-block-group-is-layout-constrained\">\n<div class=\"ghostkit-button-wrapper ghostkit-button-wrapper-gap-md ghostkit-button-wrapper-align-left ghostkit-custom-Z1ldDbu  new-landing\"><div class=\"ghostkit-button-wrapper-inner\">\n<a class=\"ghostkit-button ghostkit-button-xl ghostkit-custom-Z20dTTB contactHeading\" href=\"#\" rel=\"_self\" aria-label=\"B2B Branding Agency\"><span class=\"ghostkit-button-text\"><strong>Stand out.<\/strong><\/span><\/a>\n<\/div><\/div>\n<\/div><\/div>\n<\/div>\n<\/div>\n<\/div><\/div>\n\n<div class=\"mcw-fp-section mcw-fp-section_324172-33\" data-anchor=\"section2\"><div class=\"mcw-fp-section-inner\">\n<h2 class=\"wp-block-heading alignwide has-text-align-center has-background-color has-text-color has-link-color has-larger-font-size wp-elements-1cd7006d326f11b0eb7071cc216a8cc2\" id=\"h-today-there-is-no-longer-a-distinction-between-a-company-and-its-brand-businesses-must-therefore-act-as-brands-and-sell-more-than-just-products-and-services\">Today, there is no longer a distinction between a company and its brand. Businesses must therefore act as brands and sell more than just products and services.<br><\/h2>\n\n\n\n<h2 class=\"wp-block-heading has-text-align-center has-text-color has-link-color has-larger-font-size wp-elements-bbeff7313949aaa9e3b41f0ac31eb5f7\" id=\"h-they-must-sell-their-uniqueness\" style=\"color:#18dfec\">They must sell their uniqueness.\u200b\u200b \u200b<\/h2>\n<\/div><\/div>\n\n<div class=\"mcw-fp-section mcw-fp-section_23c4cb-c4\" data-anchor=\"section3\"><div class=\"mcw-fp-section-inner\">\n<h2 class=\"wp-block-heading alignwide has-text-align-center has-larger-font-size\" id=\"h-what-is-a-brand-identity\">\u200bWhat is a brand identity?\u200b <\/h2>\n\n\n\n<h2 class=\"wp-block-heading alignwide has-text-align-center has-larger-font-size\" id=\"h-simply-put-it-s-the-face-of-your-company-it-includes-all-the-visible-external-elements-name-logo-messaging-as-well-as-your-digital-interactions-that-identify-you-and-set-you-apart-from-your-competitors\">Simply put, it\u2019s the face of your company.\u200b <br>It includes all the visible external elements<br> \u2014 name, logo, messaging\u2014\u200b<br>as well as your digital interactions,\u200b <br>that identify you and set you apart <br>from your competitors.\u200b \u200b<\/h2>\n\n\n\n<div class=\"wp-block-group alignwide\"><div class=\"wp-block-group__inner-container is-layout-constrained wp-block-group-is-layout-constrained\">\n<div class=\"ghostkit-button-wrapper ghostkit-button-wrapper-gap-md ghostkit-button-wrapper-align-center ghostkit-custom-Z1oPpsA\"><div class=\"ghostkit-button-wrapper-inner\">\n<a class=\"ghostkit-button ghostkit-button-xl ghostkit-custom-Z1jzQz7 contactHeading\" href=\"#\" rel=\"_self\" aria-label=\"B2B Branding Agency\"><span class=\"ghostkit-button-text\">Stand out.<\/span><\/a>\n<\/div><\/div>\n<\/div><\/div>\n<\/div><\/div>\n\n<div class=\"mcw-fp-section mcw-fp-section_8a6fc6-c9\" data-anchor=\"section4\"><div class=\"mcw-fp-section-inner\">\n<div class=\"wp-block-group alignfull content-full-height--auto-space-left ghostkit-custom-Z2tjtKn is-style-content-full-height--split-bg-light_charcoal-to-dark_charcoal\"><div class=\"wp-block-group__inner-container is-layout-flow wp-block-group-is-layout-flow\">\n<div class=\"alignwide ghostkit-grid ghostkit-grid-gap-custom ghostkit-custom-Z1ztG1c\"><div class=\"ghostkit-grid-inner\">\n<div class=\"ghostkit-col ghostkit-col-md-12 ghostkit-col-lg-12 ghostkit-col-6 ghostkit-col-align-self-center ghostkit-col-sticky-top ghostkit-custom-1Et5Gl\"><div class=\"ghostkit-col-content is-layout-flow wp-block-ghostkit-grid-column-is-layout-flow\">\n<div class=\"wp-block-group ghostkit-custom-23BRhy\"><div class=\"wp-block-group__inner-container is-layout-flow wp-block-group-is-layout-flow\">\n<h2 class=\"wp-block-heading\" id=\"h-we-help-businesses-communicate-their-uniqueness\"><br>We\u00a0help\u00a0businesses communicate their\u00a0uniqueness.<\/h2>\n<\/div><\/div>\n<\/div><\/div>\n\n\n\n<div class=\"ghostkit-col ghostkit-col-lg-12 ghostkit-col-6 ghostkit-col-sticky-top test-col-2 ghostkit-d-block ghostkit-d-lg-none ghostkit-custom-13I2Q7\"><div class=\"ghostkit-col-content is-layout-flow wp-block-ghostkit-grid-column-is-layout-flow\">\n<p class=\"has-normal-font-size\"><strong>Nominal and Emotional Identity<\/strong><\/p>\n\n\n\n<ul class=\"wp-block-list has-normal-font-size\">\n<li class=\"has-normal-font-size\">Name generation<\/li>\n\n\n\n<li class=\"has-normal-font-size\">Brand architecture<\/li>\n\n\n\n<li class=\"has-normal-font-size\">Brand story and brand culture<\/li>\n<\/ul>\n\n\n\n<p class=\"has-normal-font-size\"><strong>Visual Identity<\/strong><\/p>\n\n\n\n<ul class=\"wp-block-list has-normal-font-size\">\n<li class=\"has-normal-font-size\">Logo and brand guidelines<\/li>\n\n\n\n<li class=\"has-normal-font-size\">Visual identity system<\/li>\n\n\n\n<li class=\"has-normal-font-size\">Packaging and sales tools<\/li>\n<\/ul>\n\n\n\n<p class=\"has-normal-font-size\"><strong>Digital Identity<\/strong><\/p>\n\n\n\n<ul class=\"wp-block-list has-normal-font-size\">\n<li class=\"has-normal-font-size\">Website<\/li>\n\n\n\n<li class=\"has-normal-font-size\">Landing pages<\/li>\n\n\n\n<li class=\"has-normal-font-size\">Digital assets<\/li>\n<\/ul>\n<\/div><\/div>\n<\/div><\/div>\n<\/div><\/div>\n<\/div><\/div>\n\n<div class=\"mcw-fp-section mcw-fp-section_c9ec68-9e\" data-bg-img-id=\"10129\" data-anchor=\"section5\"><div class=\"fp-bg\"><\/div><div class=\"mcw-fp-section-inner\">\n<h2 class=\"wp-block-heading alignwide has-text-align-center has-background-color has-text-color has-link-color wp-elements-03cb04495c11d97901f424e2b32356a8\" id=\"h-brand-identity-an-investment-that-is-anything-but-intangible\">Brand identity: <br>an\u00a0investment that\u00a0is anything\u00a0but\u00a0intangible.<\/h2>\n\n\n\n<div class=\"wp-block-group alignwide has-background-color has-text-color has-link-color wp-elements-8855326355781a2abf0c03563281e970 is-content-justification-center is-nowrap is-layout-flex wp-container-core-group-is-layout-94bc23d7 wp-block-group-is-layout-flex\">\n<div class=\"ghostkit-button-wrapper ghostkit-button-wrapper-gap-md ghostkit-button-wrapper-align-left new-landing ghostkit-custom-Z2crOF8\"><div class=\"ghostkit-button-wrapper-inner\">\n<a class=\"ghostkit-button ghostkit-button-xl ghostkit-custom-1f7TFp\" href=\"https:\/\/www.eaucube.com\/en\/insights\/brand-identity-an-investment-that-is-anything-but-intangible\/\" rel=\"_self\" aria-label=\"B2B Branding Agency\"><span class=\"ghostkit-button-text\"><strong>Read the article.<\/strong><\/span><\/a>\n<\/div><\/div>\n<\/div>\n<\/div><\/div>\n\n<div class=\"mcw-fp-section mcw-fp-section_884d71-ba\" data-anchor=\"section6\"><div class=\"mcw-fp-section-inner\">\n<h2 class=\"wp-block-heading alignwide has-text-align-center has-background-color has-text-color has-link-color wp-elements-d348cad2877db603736a5458902e6b8a\" id=\"h-strategists-writers-and-visual-artists-we-combine-the-creativity-of-a-marketing-agency-with-the-expertise-of-a-consulting-firm\">Strategists, writers, and visual artists, <br>we\u00a0combine the\u00a0creativity of\u00a0a\u00a0marketing\u00a0agency <br>with\u00a0the\u00a0expertise of\u00a0a\u00a0consulting\u00a0firm.<\/h2>\n\n\n\n<h3 class=\"wp-block-heading has-text-align-center has-text-color has-link-color has-normal-font-size wp-elements-d26b352b83840afcb2dbd725f2685114\" id=\"h-more-strategic-guidance\" style=\"color:#18dfec\">More strategic guidance. <\/h3>\n\n\n\n<h3 class=\"wp-block-heading has-text-align-center has-text-color has-link-color has-normal-font-size wp-elements-bffb6ffc887c05103df1639c743cde29\" id=\"h-more-operational-support\" style=\"color:#18dfec\">More operational support.\u2028<\/h3>\n\n\n\n<h3 class=\"wp-block-heading has-text-align-center has-text-color has-link-color has-normal-font-size wp-elements-0c3412db066d8a0b619567f4d01b5783\" id=\"h-better-outcomes\" style=\"color:#18dfec\">Better outcomes.\u200b<\/h3>\n<\/div><\/div>\n\n<div class=\"mcw-fp-section mcw-fp-section_ff8060-b7\" data-anchor=\"section7\"><div class=\"mcw-fp-section-inner\">\n<h4 class=\"wp-block-heading alignwide has-text-align-center text\" id=\"h-eau\u00b3-is-a-boutique-b2b-branding-and-marketing-agency-committed-and-straightforward-our-approach-is-built-on-close-collaboration-continuous-attention-to-your-needs-and-a-deep-understanding-of-your-reality\">eau\u00b3 is a boutique B2B\u00a0branding and\u00a0marketing\u00a0agency. <br>Committed and straightforward, our\u00a0approach <br>is built on close\u00a0collaboration, continuous attention <br>to\u00a0your\u00a0needs, and\u00a0a\u00a0deep\u00a0understanding of\u00a0your\u00a0reality.\u200b<\/h4>\n\n\n\n<h3 class=\"wp-block-heading alignwide has-text-align-center ghostkit-custom-2u1HMj\" id=\"h-stand-out\">Stand out.<\/h3>\n\n\n\n<div class=\"wp-block-group alignwide\"><div class=\"wp-block-group__inner-container is-layout-constrained wp-block-group-is-layout-constrained\">\n<div class=\"ghostkit-button-wrapper ghostkit-button-wrapper-gap-md ghostkit-button-wrapper-align-center ghostkit-custom-27YGK9\"><div class=\"ghostkit-button-wrapper-inner\">\n<a class=\"ghostkit-button ghostkit-button-xl ghostkit-custom-ZjVFAu contactHeading\" href=\"#\" rel=\"_self\" aria-label=\"B2B Branding Agency\"><span class=\"ghostkit-button-text\">Contact-us.<\/span><\/a>\n<\/div><\/div>\n<\/div><\/div>\n<\/div><\/div><\/section>\n","protected":false},"excerpt":{"rendered":"","protected":false},"author":6,"featured_media":1213,"parent":0,"menu_order":0,"comment_status":"closed","ping_status":"closed","template":"templates\/landing-page-v2.php","meta":{"_acf_changed":false,"inline_featured_image":false,"ghostkit_customizer_options":"","ghostkit_custom_css":"","ghostkit_custom_js_head":"","ghostkit_custom_js_foot":"","ghostkit_typography":"","footnotes":""},"class_list":["post-10549","page","type-page","status-publish","has-post-thumbnail","hentry"],"acf":[],"yoast_head":"<!-- This site is optimized with the Yoast SEO Premium plugin v27.4 (Yoast SEO v27.4) - https:\/\/yoast.com\/product\/yoast-seo-premium-wordpress\/ -->\n<title>B2B Branding | eau\u00b3 \/\/ Branding + Marketing<\/title>\n<meta name=\"description\" content=\"B2B Branding Agency. Specialized B2B Agency. Brand strategy. Brand identity. Category design. Messaging. ABM Strategy. Marketing Strategy. Montreal.\" \/>\n<meta name=\"robots\" content=\"index, follow, max-snippet:-1, max-image-preview:large, max-video-preview:-1\" \/>\n<link rel=\"canonical\" href=\"https:\/\/www.eaucube.com\/en\/b2b-branding\/\" \/>\n<meta property=\"og:locale\" content=\"en_US\" \/>\n<meta property=\"og:type\" content=\"article\" \/>\n<meta property=\"og:title\" content=\"Agence boutique sp\u00e9cialis\u00e9e en branding et en marketing B2B | eau\u00b3 \/\/ Branding + Marketing\" \/>\n<meta property=\"og:description\" content=\"eau\u00b3 est une agence de branding et de marketing B2B. Strat\u00e8ges, r\u00e9dacteurs et cr\u00e9ateurs visuels, nous aidons les entreprises \u00e0 communiquer leur unicit\u00e9 pour acc\u00e9l\u00e9rer leur croissance, \u00e0 p\u00e9n\u00e9trer de nouveaux march\u00e9s et \u00e0 se d\u00e9marquer dans leur niche de march\u00e9.\" \/>\n<meta property=\"og:url\" content=\"https:\/\/www.eaucube.com\/en\/b2b-branding\/\" \/>\n<meta property=\"og:site_name\" content=\"eau\u00b3 \/\/ Branding + Marketing\" \/>\n<meta property=\"article:publisher\" content=\"https:\/\/www.facebook.com\/eau3agence\" \/>\n<meta property=\"article:modified_time\" content=\"2026-03-10T17:25:50+00:00\" \/>\n<meta property=\"og:image\" content=\"https:\/\/www.eaucube.com\/wp-content\/uploads\/2022\/03\/eau3-branding-marketing-b2b-in.jpg?wsr\" \/>\n\t<meta property=\"og:image:width\" content=\"1920\" \/>\n\t<meta property=\"og:image:height\" content=\"1246\" \/>\n\t<meta property=\"og:image:type\" content=\"image\/jpeg\" \/>\n<meta name=\"twitter:card\" content=\"summary_large_image\" \/>\n<meta name=\"twitter:title\" content=\"Agence boutique sp\u00e9cialis\u00e9e en branding et en marketing B2B | eau\u00b3 \/\/ Branding + Marketing\" \/>\n<meta name=\"twitter:description\" content=\"eau\u00b3 est une agence de branding et de marketing B2B. Strat\u00e8ges, r\u00e9dacteurs et cr\u00e9ateurs visuels, nous aidons les entreprises \u00e0 communiquer leur unicit\u00e9 pour acc\u00e9l\u00e9rer leur croissance, \u00e0 p\u00e9n\u00e9trer de nouveaux march\u00e9s et \u00e0 se d\u00e9marquer dans leur niche de march\u00e9.\" \/>\n<meta name=\"twitter:site\" content=\"@eau3\" \/>\n<meta name=\"twitter:label1\" content=\"Est. reading time\" \/>\n\t<meta name=\"twitter:data1\" content=\"2 minutes\" \/>\n<meta name=\"geo.placename\" content=\"Montr\u00e9al\" \/>\n<meta name=\"geo.position\" content=\"45.476147062331066;-73.57892066279877\" \/>\n<meta name=\"geo.region\" content=\"Canada\" \/>\n<!-- \/ Yoast SEO Premium plugin. -->","yoast_head_json":{"title":"B2B Branding | eau\u00b3 \/\/ Branding + Marketing","description":"B2B Branding Agency. Specialized B2B Agency. Brand strategy. Brand identity. Category design. Messaging. ABM Strategy. Marketing Strategy. Montreal.","robots":{"index":"index","follow":"follow","max-snippet":"max-snippet:-1","max-image-preview":"max-image-preview:large","max-video-preview":"max-video-preview:-1"},"canonical":"https:\/\/www.eaucube.com\/en\/b2b-branding\/","og_locale":"en_US","og_type":"article","og_title":"Agence boutique sp\u00e9cialis\u00e9e en branding et en marketing B2B | eau\u00b3 \/\/ Branding + Marketing","og_description":"eau\u00b3 est une agence de branding et de marketing B2B. Strat\u00e8ges, r\u00e9dacteurs et cr\u00e9ateurs visuels, nous aidons les entreprises \u00e0 communiquer leur unicit\u00e9 pour acc\u00e9l\u00e9rer leur croissance, \u00e0 p\u00e9n\u00e9trer de nouveaux march\u00e9s et \u00e0 se d\u00e9marquer dans leur niche de march\u00e9.","og_url":"https:\/\/www.eaucube.com\/en\/b2b-branding\/","og_site_name":"eau\u00b3 \/\/ Branding + Marketing","article_publisher":"https:\/\/www.facebook.com\/eau3agence","article_modified_time":"2026-03-10T17:25:50+00:00","og_image":[{"width":1920,"height":1246,"url":"https:\/\/www.eaucube.com\/wp-content\/uploads\/2022\/03\/eau3-branding-marketing-b2b-in.jpg?wsr","type":"image\/jpeg"}],"twitter_card":"summary_large_image","twitter_title":"Agence boutique sp\u00e9cialis\u00e9e en branding et en marketing B2B | eau\u00b3 \/\/ Branding + Marketing","twitter_description":"eau\u00b3 est une agence de branding et de marketing B2B. Strat\u00e8ges, r\u00e9dacteurs et cr\u00e9ateurs visuels, nous aidons les entreprises \u00e0 communiquer leur unicit\u00e9 pour acc\u00e9l\u00e9rer leur croissance, \u00e0 p\u00e9n\u00e9trer de nouveaux march\u00e9s et \u00e0 se d\u00e9marquer dans leur niche de march\u00e9.","twitter_site":"@eau3","twitter_misc":{"Est. reading time":"2 minutes"},"schema":{"@context":"https:\/\/schema.org","@graph":[{"@type":["WebPage","AboutPage"],"@id":"https:\/\/www.eaucube.com\/en\/b2b-branding\/","url":"https:\/\/www.eaucube.com\/en\/b2b-branding\/","name":"B2B Branding | eau\u00b3 \/\/ Branding + Marketing","isPartOf":{"@id":"https:\/\/www.eaucube.com\/en\/#website"},"primaryImageOfPage":{"@id":"https:\/\/www.eaucube.com\/en\/b2b-branding\/#primaryimage"},"image":{"@id":"https:\/\/www.eaucube.com\/en\/b2b-branding\/#primaryimage"},"thumbnailUrl":"https:\/\/www.eaucube.com\/wp-content\/uploads\/2022\/03\/eau3-branding-marketing-b2b-in.jpg?wsr","datePublished":"2025-08-25T15:10:25+00:00","dateModified":"2026-03-10T17:25:50+00:00","description":"B2B Branding Agency. Specialized B2B Agency. Brand strategy. Brand identity. Category design. Messaging. ABM Strategy. Marketing Strategy. Montreal.","breadcrumb":{"@id":"https:\/\/www.eaucube.com\/en\/b2b-branding\/#breadcrumb"},"inLanguage":"en-CA","potentialAction":[{"@type":"ReadAction","target":["https:\/\/www.eaucube.com\/en\/b2b-branding\/"]}]},{"@type":"ImageObject","inLanguage":"en-CA","@id":"https:\/\/www.eaucube.com\/en\/b2b-branding\/#primaryimage","url":"https:\/\/www.eaucube.com\/wp-content\/uploads\/2022\/03\/eau3-branding-marketing-b2b-in.jpg?wsr","contentUrl":"https:\/\/www.eaucube.com\/wp-content\/uploads\/2022\/03\/eau3-branding-marketing-b2b-in.jpg?wsr","width":1920,"height":1246,"caption":"branding et marketing B2B Agence eau3 Agency Logo image"},{"@type":"BreadcrumbList","@id":"https:\/\/www.eaucube.com\/en\/b2b-branding\/#breadcrumb","itemListElement":[{"@type":"ListItem","position":1,"name":"B2B Branding Marketing Agency","item":"https:\/\/www.eaucube.com\/en\/"},{"@type":"ListItem","position":2,"name":"Agence B2B Montr\u00e9al"}]},{"@type":"WebSite","@id":"https:\/\/www.eaucube.com\/en\/#website","url":"https:\/\/www.eaucube.com\/en\/","name":"eau\u00b3 \/\/ Branding + Marketing","description":"","publisher":{"@id":"https:\/\/www.eaucube.com\/en\/#organization"},"alternateName":"eau\u00b3","potentialAction":[{"@type":"SearchAction","target":{"@type":"EntryPoint","urlTemplate":"https:\/\/www.eaucube.com\/en\/?s={search_term_string}"},"query-input":{"@type":"PropertyValueSpecification","valueRequired":true,"valueName":"search_term_string"}}],"inLanguage":"en-CA"},{"@type":["Organization","Place","ProfessionalService"],"@id":"https:\/\/www.eaucube.com\/en\/#organization","name":"eau\u00b3","alternateName":"eau\u00b3 \/\/ Branding + Marketing","url":"https:\/\/www.eaucube.com\/en\/","logo":{"@id":"https:\/\/www.eaucube.com\/en\/b2b-branding\/#local-main-organization-logo"},"image":{"@id":"https:\/\/www.eaucube.com\/en\/b2b-branding\/#local-main-organization-logo"},"sameAs":["https:\/\/www.facebook.com\/eau3agence","https:\/\/x.com\/eau3","https:\/\/mastodon.social\/@eau3","https:\/\/www.instagram.com\/eau3\/","https:\/\/www.linkedin.com\/company\/eau-branding-marketing-advertising\/","https:\/\/www.threads.net\/@eau3","https:\/\/www.behance.net\/eau3","https:\/\/myspace.com\/eaucube","https:\/\/bsky.app\/profile\/eaucube.com","https:\/\/www.pinterest.ca\/eaucube\/","https:\/\/www.youtube.com\/@eau3"],"description":"eau\u00b3 is a highly efficient boutique B2B branding and marketing agency that combines the creativity of a marketing agency with the expertise of a consulting firm.\u200b Strategists, copywriters, and visual artists, we\u2019ve been helping companies across industries shape their identity and stand out for over 20 years.\u200b","legalName":"eau3 inc.","foundingDate":"2005-10-15","duns":"243740656","naics":"541613","numberOfEmployees":{"@type":"QuantitativeValue","minValue":"1","maxValue":"10"},"publishingPrinciples":"https:\/\/www.eaucube.com\/confidentialite\/","actionableFeedbackPolicy":"https:\/\/www.eaucube.com\/confidentialite\/","correctionsPolicy":"https:\/\/www.eaucube.com\/confidentialite\/","ethicsPolicy":"https:\/\/www.eaucube.com\/confidentialite\/","address":{"@id":"https:\/\/www.eaucube.com\/en\/b2b-branding\/#local-main-place-address"},"geo":{"@type":"GeoCoordinates","latitude":"45.476147062331066","longitude":"-73.57892066279877"},"telephone":["+1.514.272.0303"],"openingHoursSpecification":[{"@type":"OpeningHoursSpecification","dayOfWeek":["Monday","Tuesday","Wednesday","Thursday","Friday"],"opens":"09:00","closes":"17:00"},{"@type":"OpeningHoursSpecification","dayOfWeek":["Saturday","Sunday"],"opens":"00:00","closes":"00:00"}],"email":"contact@eaucube.com","vatID":"144777240RT0001","taxID":"1202176191TQ0001"},{"@type":"PostalAddress","@id":"https:\/\/www.eaucube.com\/en\/b2b-branding\/#local-main-place-address","streetAddress":"3970, rue Saint-Ambroise, Bureau 030","addressLocality":"Montr\u00e9al","postalCode":"H4C 2C7","addressRegion":"QC","addressCountry":"CA"},{"@type":"ImageObject","inLanguage":"en-CA","@id":"https:\/\/www.eaucube.com\/en\/b2b-branding\/#local-main-organization-logo","url":"https:\/\/www.eaucube.com\/wp-content\/uploads\/2025\/02\/eau3_696.jpg?wsr","contentUrl":"https:\/\/www.eaucube.com\/wp-content\/uploads\/2025\/02\/eau3_696.jpg?wsr","width":696,"height":696,"caption":"eau\u00b3"}]},"geo.placename":"Montr\u00e9al","geo.position":{"lat":"45.476147062331066","long":"-73.57892066279877"},"geo.region":"Canada"},"_links":{"self":[{"href":"https:\/\/www.eaucube.com\/en\/wp-json\/wp\/v2\/pages\/10549","targetHints":{"allow":["GET"]}}],"collection":[{"href":"https:\/\/www.eaucube.com\/en\/wp-json\/wp\/v2\/pages"}],"about":[{"href":"https:\/\/www.eaucube.com\/en\/wp-json\/wp\/v2\/types\/page"}],"author":[{"embeddable":true,"href":"https:\/\/www.eaucube.com\/en\/wp-json\/wp\/v2\/users\/6"}],"replies":[{"embeddable":true,"href":"https:\/\/www.eaucube.com\/en\/wp-json\/wp\/v2\/comments?post=10549"}],"version-history":[{"count":1,"href":"https:\/\/www.eaucube.com\/en\/wp-json\/wp\/v2\/pages\/10549\/revisions"}],"predecessor-version":[{"id":11899,"href":"https:\/\/www.eaucube.com\/en\/wp-json\/wp\/v2\/pages\/10549\/revisions\/11899"}],"wp:featuredmedia":[{"embeddable":true,"href":"https:\/\/www.eaucube.com\/en\/wp-json\/wp\/v2\/media\/1213"}],"wp:attachment":[{"href":"https:\/\/www.eaucube.com\/en\/wp-json\/wp\/v2\/media?parent=10549"}],"curies":[{"name":"wp","href":"https:\/\/api.w.org\/{rel}","templated":true}]}}