{"id":10561,"date":"2025-08-27T02:24:53","date_gmt":"2025-08-27T06:24:53","guid":{"rendered":"https:\/\/www.eaucube.com\/marketing\/"},"modified":"2026-03-16T09:47:20","modified_gmt":"2026-03-16T13:47:20","slug":"b2b-marketing","status":"publish","type":"page","link":"https:\/\/www.eaucube.com\/en\/b2b-marketing\/","title":{"rendered":"Marketing\u200b"},"content":{"rendered":"\n<section class=\"mcw-fp-wrapper\"><div class=\"mcw-fp-section mcw-fp-section_7891f9-76\" data-bg-img-id=\"10127\" data-anchor=\"section1\"><div class=\"fp-bg\"><\/div><div class=\"mcw-fp-section-inner\">\n<div class=\"wp-block-columns alignwide are-vertically-aligned-center is-layout-flex wp-container-core-columns-is-layout-9d6595d7 wp-block-columns-is-layout-flex\">\n<div class=\"wp-block-column is-vertically-aligned-center is-layout-flow wp-block-column-is-layout-flow\">\n<h1 class=\"wp-block-heading has-text-color has-link-color has-large-font-size wp-elements-e6e3cc3beca8aef0154c0e67feda1d55\" id=\"h-marketing\" style=\"color:#781da7\">MARKETING<strong>\u200b<\/strong><\/h1>\n\n\n\n<h2 class=\"wp-block-heading has-background-color has-text-color has-link-color wp-elements-13b38cd0a62e7a4a59e3d4b1eb61dc8c\" id=\"h-we-help-businesses-turn-prospects-into-clients\">We help businesses\u200b<br><strong>turn prospects<\/strong> <br><strong>into\u00a0clients.<\/strong>\u200b\u200b<\/h2>\n<\/div>\n\n\n\n<div class=\"wp-block-column is-vertically-aligned-center is-layout-flow wp-block-column-is-layout-flow\">\n<p class=\"has-background-color has-text-color has-link-color has-large-font-size wp-elements-f8f53c228507bd41225e23e5f21c9a56\">B2B marketing is much more than selling a product or service to another business \u2014 it\u2019s a dialogue. A privileged exchange between two parties where clarity is key.\u200b<\/p>\n\n\n\n<p class=\"has-background-color has-text-color has-link-color has-large-font-size wp-elements-11ab79ede068c7b2deeb62fa09894340\">When offerings are technical and complex, and decisions carry significant consequences, clarity is no longer just an asset \u2014 it\u2019s a decisive competitive advantage.\u200b<\/p>\n\n\n\n<p class=\"has-background-color has-text-color has-link-color has-large-font-size wp-elements-14be2849ecaafc49c541cb6067871854\">From digital ads to RFPs, the goal is to ensure clarity and relevance at every touchpoint to capture your target\u2019s attention, influence them, and ultimately convert them.\u200b<\/p>\n\n\n\n<div class=\"wp-block-group has-background-color has-text-color has-link-color wp-elements-40602ad18c0bce3bdf8b330cd0ffc455\"><div class=\"wp-block-group__inner-container is-layout-constrained wp-block-group-is-layout-constrained\">\n<div class=\"ghostkit-button-wrapper ghostkit-button-wrapper-gap-md ghostkit-button-wrapper-align-left new-landing ghostkit-custom-1kmXe\"><div class=\"ghostkit-button-wrapper-inner\">\n<a class=\"ghostkit-button ghostkit-button-xl custom ghostkit-custom-TafVl contactHeading\" href=\"https:\/\/www.eaucube.com\/en\/b2b-marketing\/\" rel=\"_self\" aria-label=\"B2B Marketing Agency\"><span class=\"ghostkit-button-text\"><strong>Captivate, influence, <\/strong><br><strong>and convert potential clients.\u200b<\/strong><\/span><\/a>\n<\/div><\/div>\n<\/div><\/div>\n<\/div>\n<\/div>\n<\/div><\/div>\n\n<div class=\"mcw-fp-section mcw-fp-section_324172-33\" data-anchor=\"section2\"><div class=\"mcw-fp-section-inner\">\n<h2 class=\"wp-block-heading alignwide has-text-align-center has-background-color has-text-color has-link-color has-larger-font-size wp-elements-c198d6fdf607bb1ccb8af522749c1bc3\" id=\"h-you-can-invest-heavily-in-sem-secure-a-strong-position-in-search-engines-and-benefit-from-highly-effective-prospecting-programs-but-none-of-these-efforts-will-deliver-the-expected-results-if-you-don-t-clearly-answer-these-three-questions\">You can invest heavily in SEM, <br>secure a strong position in search engines, <br>and benefit from highly effective prospecting programs \u2014 but none of these efforts will deliver <br>the expected results if you don\u2019t clearly answer <br>these three questions:<\/h2>\n\n\n\n<h2 class=\"wp-block-heading has-text-align-center has-text-color has-link-color has-large-font-size wp-elements-81b477ed3ebce139929e1138d087371f\" id=\"h-who-are-you\" style=\"color:#f77f40\">Who are you?\u200b\u200b <\/h2>\n\n\n\n<h2 class=\"wp-block-heading has-text-align-center has-text-color has-link-color has-large-font-size wp-elements-49efbf24d518e4815e9421250140982d\" id=\"h-why-should-your-offer-interest-me\" style=\"color:#f77f40\">Why should your offer interest\u00a0me?\u200b<\/h2>\n\n\n\n<h2 class=\"wp-block-heading has-text-align-center has-text-color has-link-color has-large-font-size wp-elements-79e1d61273bbcce35bc2bd7a9b63a4a3\" id=\"h-why-should-i-trust-you\" style=\"color:#f77f40\">\u200bWhy should I trust you?\u200b<\/h2>\n<\/div><\/div>\n\n<div class=\"mcw-fp-section mcw-fp-section_23c4cb-c4\" data-anchor=\"section3\"><div class=\"mcw-fp-section-inner\">\n<h2 class=\"wp-block-heading alignwide has-text-align-center\" id=\"h-\">\u200b<\/h2>\n\n\n\n<h2 class=\"wp-block-heading alignwide has-text-align-center has-larger-font-size\" id=\"h-as-b2b-marketing-specialists-we-believe-it-is-essential-to-engage-in-a-dialogue-grounded-in-the-challenges-ambitions-and-reality-of-your-prospects\">As B2B marketing specialists, <br>we\u00a0believe it is essential to engage <br>in a dialogue grounded in the\u00a0challenges, <br>ambitions, and reality of your prospects.\u200b<\/h2>\n\n\n\n<h2 class=\"wp-block-heading alignwide has-text-align-center has-larger-font-size\" id=\"h-and-that-this-dialogue-must-be-supported-by-both-digital-and-human-interactions-to-generate-results\">And that this dialogue must be supported <br>by both digital and human interactions <br>to generate results.\u200b<\/h2>\n\n\n\n<div class=\"wp-block-group alignwide\"><div class=\"wp-block-group__inner-container is-layout-constrained wp-block-group-is-layout-constrained\">\n<div class=\"ghostkit-button-wrapper ghostkit-button-wrapper-gap-md ghostkit-button-wrapper-align-center ghostkit-custom-Z1oPpsA\"><div class=\"ghostkit-button-wrapper-inner\">\n<a class=\"ghostkit-button ghostkit-button-xl ghostkit-custom-Z1jzQz7 contactHeading\" href=\"#\" rel=\"_self\" aria-label=\"B2B Marketing Agency\"><span class=\"ghostkit-button-text\">Captivate, influence,<br>and convert potential clients.\u200b<\/span><\/a>\n<\/div><\/div>\n<\/div><\/div>\n<\/div><\/div>\n\n<div class=\"mcw-fp-section mcw-fp-section_8a6fc6-c9\" data-anchor=\"section4\"><div class=\"mcw-fp-section-inner\">\n<div class=\"wp-block-group alignfull content-full-height--auto-space-left ghostkit-custom-Z2tjtKn is-style-content-full-height--split-bg-light_charcoal-to-dark_charcoal\"><div class=\"wp-block-group__inner-container is-layout-flow wp-block-group-is-layout-flow\">\n<div class=\"alignwide ghostkit-grid ghostkit-grid-gap-custom ghostkit-custom-Z1ztG1c\"><div class=\"ghostkit-grid-inner\">\n<div class=\"ghostkit-col ghostkit-col-md-12 ghostkit-col-lg-12 ghostkit-col-6 ghostkit-col-align-self-center ghostkit-col-sticky-top ghostkit-custom-1Et5Gl\"><div class=\"ghostkit-col-content is-layout-flow wp-block-ghostkit-grid-column-is-layout-flow\">\n<div class=\"wp-block-group ghostkit-custom-23BRhy\"><div class=\"wp-block-group__inner-container is-layout-flow wp-block-group-is-layout-flow\">\n<h2 class=\"wp-block-heading\" id=\"h-we-help-businesses-structure-and-implement-strategies-that-maximize-their-resources-and-investments\"><br>We help businesses structure <br>and implement strategies <br>that maximize their\u00a0resources and\u00a0investments.\u200b<\/h2>\n<\/div><\/div>\n<\/div><\/div>\n\n\n\n<div class=\"ghostkit-col ghostkit-col-lg-12 ghostkit-col-6 ghostkit-col-sticky-top test-col-2 ghostkit-d-block ghostkit-d-lg-none ghostkit-custom-13I2Q7\"><div class=\"ghostkit-col-content is-layout-flow wp-block-ghostkit-grid-column-is-layout-flow\">\n<p class=\"ghostkit-custom-ORjR1 space has-normal-font-size\"><strong><strong>Lead Generation<\/strong>\u200b<\/strong><\/p>\n\n\n\n<ul class=\"wp-block-list has-normal-font-size\">\n<li>\u200bSEM and SEO\u200b<\/li>\n\n\n\n<li>Newsletters and marketing automation\u200b<\/li>\n\n\n\n<li>Content marketing<\/li>\n<\/ul>\n\n\n\n<p class=\"ghostkit-custom-Z2gPCXS space has-normal-font-size\"><strong><strong>Major Account Acquisition Strategy<\/strong>\u200b<\/strong><\/p>\n\n\n\n<ul class=\"wp-block-list has-normal-font-size\">\n<li>Prospecting program\u200b<\/li>\n\n\n\n<li>Customized sales presentation\u200b<\/li>\n\n\n\n<li>RFPs<\/li>\n<\/ul>\n\n\n\n<p class=\"ghostkit-custom-6Wc9l space has-normal-font-size\"><strong><strong>Marketing Programs<\/strong>\u200b<\/strong><\/p>\n\n\n\n<ul class=\"wp-block-list has-normal-font-size\">\n<li>\u200bMarketing strategy and action plan\u200b<\/li>\n\n\n\n<li>Launch strategy\u200b<\/li>\n\n\n\n<li>Reseller and referral programs<\/li>\n<\/ul>\n<\/div><\/div>\n<\/div><\/div>\n<\/div><\/div>\n<\/div><\/div>\n\n<div class=\"mcw-fp-section mcw-fp-section_c9ec68-9e\" data-bg-img-id=\"10127\" data-anchor=\"section5\"><div class=\"fp-bg\"><\/div><div class=\"mcw-fp-section-inner\">\n<h2 class=\"wp-block-heading alignwide has-text-align-center has-background-color has-text-color has-link-color wp-elements-29340dbf43303b9e0373f1a70d6dbe61\" id=\"h-embracing-account-based-marketing\">Embracing <br>Account\u2011Based Marketing<\/h2>\n\n\n\n<div class=\"wp-block-group has-background-color has-text-color has-link-color wp-elements-1aa2475b49811ad37821b04bb5c2e471 is-content-justification-center is-nowrap is-layout-flex wp-container-core-group-is-layout-94bc23d7 wp-block-group-is-layout-flex\">\n<div class=\"ghostkit-button-wrapper ghostkit-button-wrapper-gap-md ghostkit-button-wrapper-align-left ghostkit-custom-ZexbTq  new-landing\"><div class=\"ghostkit-button-wrapper-inner\">\n<a class=\"ghostkit-button ghostkit-button-xl ghostkit-custom-Zk1fcu custom\" href=\"https:\/\/www.eaucube.com\/en\/insights\/embracing-account-based-marketing\/\" rel=\"_self\" aria-label=\"B2B Marketing Agency\"><span class=\"ghostkit-button-text\"><strong>Read the article<\/strong>.<\/span><\/a>\n<\/div><\/div>\n<\/div>\n<\/div><\/div>\n\n<div class=\"mcw-fp-section mcw-fp-section_e8c00f-62\" data-anchor=\"section6\"><div class=\"mcw-fp-section-inner\">\n<h2 class=\"wp-block-heading alignwide has-text-align-center has-background-color has-text-color has-link-color wp-elements-d348cad2877db603736a5458902e6b8a\" id=\"h-strategists-writers-and-visual-artists-we-combine-the-creativity-of-a-marketing-agency-with-the-expertise-of-a-consulting-firm\">Strategists, writers, and visual artists, <br>we\u00a0combine the\u00a0creativity of\u00a0a\u00a0marketing\u00a0agency <br>with\u00a0the\u00a0expertise of\u00a0a\u00a0consulting\u00a0firm.<\/h2>\n\n\n\n<h3 class=\"wp-block-heading has-text-align-center has-text-color has-link-color has-normal-font-size wp-elements-0f741e4524e6d3f43712f3f114d0efc0\" id=\"h-more-strategic-guidance\" style=\"color:#f77f40\">More strategic guidance. <\/h3>\n\n\n\n<h3 class=\"wp-block-heading has-text-align-center has-text-color has-link-color has-normal-font-size wp-elements-53af9326f88c88cabde4c27b42be690e\" id=\"h-more-operational-support\" style=\"color:#f77f40\">More operational support.\u2028<\/h3>\n\n\n\n<h3 class=\"wp-block-heading has-text-align-center has-text-color has-link-color has-normal-font-size wp-elements-07bf513a582b5592ab07e278b70e8fe0\" id=\"h-better-outcomes\" style=\"color:#f77f40\">Better outcomes.\u200b<\/h3>\n<\/div><\/div>\n\n<div class=\"mcw-fp-section mcw-fp-section_ff8060-b7\" data-anchor=\"section7\"><div class=\"mcw-fp-section-inner\">\n<h4 class=\"wp-block-heading alignwide has-text-align-center text\" id=\"h-eau\u00b3-is-a-boutique-b2b-branding-and-marketing-agency-committed-and-straightforward-our-approach-is-built-on-close-collaboration-continuous-attention-to-your-needs-and-a-deep-understanding-of-your-reality\">eau\u00b3 is a boutique B2B\u00a0branding and\u00a0marketing\u00a0agency. <br>Committed and straightforward, our\u00a0approach <br>is built on close\u00a0collaboration, continuous attention <br>to\u00a0your\u00a0needs, and\u00a0a\u00a0deep\u00a0understanding of\u00a0your\u00a0reality.\u200b<\/h4>\n\n\n\n<h3 class=\"wp-block-heading alignwide has-text-align-center ghostkit-custom-2u1HMj\" id=\"h-stand-out\">Stand out.<\/h3>\n\n\n\n<div class=\"wp-block-group alignwide\"><div class=\"wp-block-group__inner-container is-layout-constrained wp-block-group-is-layout-constrained\">\n<div class=\"ghostkit-button-wrapper ghostkit-button-wrapper-gap-md ghostkit-button-wrapper-align-center ghostkit-custom-27YGK9\"><div class=\"ghostkit-button-wrapper-inner\">\n<a class=\"ghostkit-button ghostkit-button-xl ghostkit-custom-ZjVFAu contactHeading\" href=\"#\" rel=\"_self\" aria-label=\"B2B Marketing Agency\"><span class=\"ghostkit-button-text\">Contact-us.<\/span><\/a>\n<\/div><\/div>\n<\/div><\/div>\n<\/div><\/div><\/section>\n","protected":false},"excerpt":{"rendered":"","protected":false},"author":6,"featured_media":1213,"parent":0,"menu_order":0,"comment_status":"closed","ping_status":"closed","template":"templates\/landing-page-v2.php","meta":{"_acf_changed":false,"inline_featured_image":false,"ghostkit_customizer_options":"","ghostkit_custom_css":"","ghostkit_custom_js_head":"","ghostkit_custom_js_foot":"","ghostkit_typography":"","footnotes":""},"class_list":["post-10561","page","type-page","status-publish","has-post-thumbnail","hentry"],"acf":[],"yoast_head":"<!-- This site is optimized with the Yoast SEO Premium plugin v27.4 (Yoast SEO v27.4) - https:\/\/yoast.com\/product\/yoast-seo-premium-wordpress\/ -->\n<title>B2B Marketing | eau\u00b3 \/\/ Branding + Marketing<\/title>\n<meta name=\"description\" content=\"B2B Marketing Agency. Specialized B-to-B Agency. Account-based marketing. Communications strategies. Market penetration. Montreal.\" \/>\n<meta name=\"robots\" content=\"index, follow, max-snippet:-1, max-image-preview:large, max-video-preview:-1\" \/>\n<link rel=\"canonical\" href=\"https:\/\/www.eaucube.com\/en\/b2b-marketing\/\" \/>\n<meta property=\"og:locale\" content=\"en_US\" \/>\n<meta property=\"og:type\" content=\"article\" \/>\n<meta property=\"og:title\" content=\"Agence boutique sp\u00e9cialis\u00e9e en branding et en marketing B2B | eau\u00b3 \/\/ Branding + Marketing\" \/>\n<meta property=\"og:description\" content=\"eau\u00b3 est une agence de branding et de marketing B2B. Strat\u00e8ges, r\u00e9dacteurs et cr\u00e9ateurs visuels, nous aidons les entreprises \u00e0 communiquer leur unicit\u00e9 pour acc\u00e9l\u00e9rer leur croissance, \u00e0 p\u00e9n\u00e9trer de nouveaux march\u00e9s et \u00e0 se d\u00e9marquer dans leur niche de march\u00e9.\" \/>\n<meta property=\"og:url\" content=\"https:\/\/www.eaucube.com\/en\/b2b-marketing\/\" \/>\n<meta property=\"og:site_name\" content=\"eau\u00b3 \/\/ Branding + Marketing\" \/>\n<meta property=\"article:publisher\" content=\"https:\/\/www.facebook.com\/eau3agence\" \/>\n<meta property=\"article:modified_time\" content=\"2026-03-16T13:47:20+00:00\" \/>\n<meta property=\"og:image\" content=\"https:\/\/www.eaucube.com\/wp-content\/uploads\/2022\/03\/eau3-branding-marketing-b2b-in.jpg?wsr\" \/>\n\t<meta property=\"og:image:width\" content=\"1920\" \/>\n\t<meta property=\"og:image:height\" content=\"1246\" \/>\n\t<meta property=\"og:image:type\" content=\"image\/jpeg\" \/>\n<meta name=\"twitter:card\" content=\"summary_large_image\" \/>\n<meta name=\"twitter:title\" content=\"Agence boutique sp\u00e9cialis\u00e9e en branding et en marketing B2B | eau\u00b3 \/\/ Branding + Marketing\" \/>\n<meta name=\"twitter:description\" content=\"eau\u00b3 est une agence de branding et de marketing B2B. Strat\u00e8ges, r\u00e9dacteurs et cr\u00e9ateurs visuels, nous aidons les entreprises \u00e0 communiquer leur unicit\u00e9 pour acc\u00e9l\u00e9rer leur croissance, \u00e0 p\u00e9n\u00e9trer de nouveaux march\u00e9s et \u00e0 se d\u00e9marquer dans leur niche de march\u00e9.\" \/>\n<meta name=\"twitter:site\" content=\"@eau3\" \/>\n<meta name=\"twitter:label1\" content=\"Est. reading time\" \/>\n\t<meta name=\"twitter:data1\" content=\"2 minutes\" \/>\n<meta name=\"geo.placename\" content=\"Montr\u00e9al\" \/>\n<meta name=\"geo.position\" content=\"45.476147062331066;-73.57892066279877\" \/>\n<meta name=\"geo.region\" content=\"Canada\" \/>\n<!-- \/ Yoast SEO Premium plugin. -->","yoast_head_json":{"title":"B2B Marketing | eau\u00b3 \/\/ Branding + Marketing","description":"B2B Marketing Agency. Specialized B-to-B Agency. Account-based marketing. Communications strategies. Market penetration. Montreal.","robots":{"index":"index","follow":"follow","max-snippet":"max-snippet:-1","max-image-preview":"max-image-preview:large","max-video-preview":"max-video-preview:-1"},"canonical":"https:\/\/www.eaucube.com\/en\/b2b-marketing\/","og_locale":"en_US","og_type":"article","og_title":"Agence boutique sp\u00e9cialis\u00e9e en branding et en marketing B2B | eau\u00b3 \/\/ Branding + Marketing","og_description":"eau\u00b3 est une agence de branding et de marketing B2B. Strat\u00e8ges, r\u00e9dacteurs et cr\u00e9ateurs visuels, nous aidons les entreprises \u00e0 communiquer leur unicit\u00e9 pour acc\u00e9l\u00e9rer leur croissance, \u00e0 p\u00e9n\u00e9trer de nouveaux march\u00e9s et \u00e0 se d\u00e9marquer dans leur niche de march\u00e9.","og_url":"https:\/\/www.eaucube.com\/en\/b2b-marketing\/","og_site_name":"eau\u00b3 \/\/ Branding + Marketing","article_publisher":"https:\/\/www.facebook.com\/eau3agence","article_modified_time":"2026-03-16T13:47:20+00:00","og_image":[{"width":1920,"height":1246,"url":"https:\/\/www.eaucube.com\/wp-content\/uploads\/2022\/03\/eau3-branding-marketing-b2b-in.jpg?wsr","type":"image\/jpeg"}],"twitter_card":"summary_large_image","twitter_title":"Agence boutique sp\u00e9cialis\u00e9e en branding et en marketing B2B | eau\u00b3 \/\/ Branding + Marketing","twitter_description":"eau\u00b3 est une agence de branding et de marketing B2B. Strat\u00e8ges, r\u00e9dacteurs et cr\u00e9ateurs visuels, nous aidons les entreprises \u00e0 communiquer leur unicit\u00e9 pour acc\u00e9l\u00e9rer leur croissance, \u00e0 p\u00e9n\u00e9trer de nouveaux march\u00e9s et \u00e0 se d\u00e9marquer dans leur niche de march\u00e9.","twitter_site":"@eau3","twitter_misc":{"Est. reading time":"2 minutes"},"schema":{"@context":"https:\/\/schema.org","@graph":[{"@type":["WebPage","AboutPage"],"@id":"https:\/\/www.eaucube.com\/en\/b2b-marketing\/","url":"https:\/\/www.eaucube.com\/en\/b2b-marketing\/","name":"B2B Marketing | eau\u00b3 \/\/ Branding + Marketing","isPartOf":{"@id":"https:\/\/www.eaucube.com\/en\/#website"},"primaryImageOfPage":{"@id":"https:\/\/www.eaucube.com\/en\/b2b-marketing\/#primaryimage"},"image":{"@id":"https:\/\/www.eaucube.com\/en\/b2b-marketing\/#primaryimage"},"thumbnailUrl":"https:\/\/www.eaucube.com\/wp-content\/uploads\/2022\/03\/eau3-branding-marketing-b2b-in.jpg?wsr","datePublished":"2025-08-27T06:24:53+00:00","dateModified":"2026-03-16T13:47:20+00:00","description":"B2B Marketing Agency. Specialized B-to-B Agency. Account-based marketing. Communications strategies. Market penetration. Montreal.","breadcrumb":{"@id":"https:\/\/www.eaucube.com\/en\/b2b-marketing\/#breadcrumb"},"inLanguage":"en-CA","potentialAction":[{"@type":"ReadAction","target":["https:\/\/www.eaucube.com\/en\/b2b-marketing\/"]}]},{"@type":"ImageObject","inLanguage":"en-CA","@id":"https:\/\/www.eaucube.com\/en\/b2b-marketing\/#primaryimage","url":"https:\/\/www.eaucube.com\/wp-content\/uploads\/2022\/03\/eau3-branding-marketing-b2b-in.jpg?wsr","contentUrl":"https:\/\/www.eaucube.com\/wp-content\/uploads\/2022\/03\/eau3-branding-marketing-b2b-in.jpg?wsr","width":1920,"height":1246,"caption":"branding et marketing B2B Agence eau3 Agency Logo image"},{"@type":"BreadcrumbList","@id":"https:\/\/www.eaucube.com\/en\/b2b-marketing\/#breadcrumb","itemListElement":[{"@type":"ListItem","position":1,"name":"B2B Branding Marketing Agency","item":"https:\/\/www.eaucube.com\/en\/"},{"@type":"ListItem","position":2,"name":"Agence B2B Montr\u00e9al"}]},{"@type":"WebSite","@id":"https:\/\/www.eaucube.com\/en\/#website","url":"https:\/\/www.eaucube.com\/en\/","name":"eau\u00b3 \/\/ Branding + Marketing","description":"","publisher":{"@id":"https:\/\/www.eaucube.com\/en\/#organization"},"alternateName":"eau\u00b3","potentialAction":[{"@type":"SearchAction","target":{"@type":"EntryPoint","urlTemplate":"https:\/\/www.eaucube.com\/en\/?s={search_term_string}"},"query-input":{"@type":"PropertyValueSpecification","valueRequired":true,"valueName":"search_term_string"}}],"inLanguage":"en-CA"},{"@type":["Organization","Place","ProfessionalService"],"@id":"https:\/\/www.eaucube.com\/en\/#organization","name":"eau\u00b3","alternateName":"eau\u00b3 \/\/ Branding + Marketing","url":"https:\/\/www.eaucube.com\/en\/","logo":{"@id":"https:\/\/www.eaucube.com\/en\/b2b-marketing\/#local-main-organization-logo"},"image":{"@id":"https:\/\/www.eaucube.com\/en\/b2b-marketing\/#local-main-organization-logo"},"sameAs":["https:\/\/www.facebook.com\/eau3agence","https:\/\/x.com\/eau3","https:\/\/mastodon.social\/@eau3","https:\/\/www.instagram.com\/eau3\/","https:\/\/www.linkedin.com\/company\/eau-branding-marketing-advertising\/","https:\/\/www.threads.net\/@eau3","https:\/\/www.behance.net\/eau3","https:\/\/myspace.com\/eaucube","https:\/\/bsky.app\/profile\/eaucube.com","https:\/\/www.pinterest.ca\/eaucube\/","https:\/\/www.youtube.com\/@eau3"],"description":"eau\u00b3 is a highly efficient boutique B2B branding and marketing agency that combines the creativity of a marketing agency with the expertise of a consulting firm.\u200b Strategists, copywriters, and visual artists, we\u2019ve been helping companies across industries shape their identity and stand out for over 20 years.\u200b","legalName":"eau3 inc.","foundingDate":"2005-10-15","duns":"243740656","naics":"541613","numberOfEmployees":{"@type":"QuantitativeValue","minValue":"1","maxValue":"10"},"publishingPrinciples":"https:\/\/www.eaucube.com\/confidentialite\/","actionableFeedbackPolicy":"https:\/\/www.eaucube.com\/confidentialite\/","correctionsPolicy":"https:\/\/www.eaucube.com\/confidentialite\/","ethicsPolicy":"https:\/\/www.eaucube.com\/confidentialite\/","address":{"@id":"https:\/\/www.eaucube.com\/en\/b2b-marketing\/#local-main-place-address"},"geo":{"@type":"GeoCoordinates","latitude":"45.476147062331066","longitude":"-73.57892066279877"},"telephone":["+1.514.272.0303"],"openingHoursSpecification":[{"@type":"OpeningHoursSpecification","dayOfWeek":["Monday","Tuesday","Wednesday","Thursday","Friday"],"opens":"09:00","closes":"17:00"},{"@type":"OpeningHoursSpecification","dayOfWeek":["Saturday","Sunday"],"opens":"00:00","closes":"00:00"}],"email":"contact@eaucube.com","vatID":"144777240RT0001","taxID":"1202176191TQ0001"},{"@type":"PostalAddress","@id":"https:\/\/www.eaucube.com\/en\/b2b-marketing\/#local-main-place-address","streetAddress":"3970, rue Saint-Ambroise, Bureau 030","addressLocality":"Montr\u00e9al","postalCode":"H4C 2C7","addressRegion":"QC","addressCountry":"CA"},{"@type":"ImageObject","inLanguage":"en-CA","@id":"https:\/\/www.eaucube.com\/en\/b2b-marketing\/#local-main-organization-logo","url":"https:\/\/www.eaucube.com\/wp-content\/uploads\/2025\/02\/eau3_696.jpg?wsr","contentUrl":"https:\/\/www.eaucube.com\/wp-content\/uploads\/2025\/02\/eau3_696.jpg?wsr","width":696,"height":696,"caption":"eau\u00b3"}]},"geo.placename":"Montr\u00e9al","geo.position":{"lat":"45.476147062331066","long":"-73.57892066279877"},"geo.region":"Canada"},"_links":{"self":[{"href":"https:\/\/www.eaucube.com\/en\/wp-json\/wp\/v2\/pages\/10561","targetHints":{"allow":["GET"]}}],"collection":[{"href":"https:\/\/www.eaucube.com\/en\/wp-json\/wp\/v2\/pages"}],"about":[{"href":"https:\/\/www.eaucube.com\/en\/wp-json\/wp\/v2\/types\/page"}],"author":[{"embeddable":true,"href":"https:\/\/www.eaucube.com\/en\/wp-json\/wp\/v2\/users\/6"}],"replies":[{"embeddable":true,"href":"https:\/\/www.eaucube.com\/en\/wp-json\/wp\/v2\/comments?post=10561"}],"version-history":[{"count":1,"href":"https:\/\/www.eaucube.com\/en\/wp-json\/wp\/v2\/pages\/10561\/revisions"}],"predecessor-version":[{"id":11903,"href":"https:\/\/www.eaucube.com\/en\/wp-json\/wp\/v2\/pages\/10561\/revisions\/11903"}],"wp:featuredmedia":[{"embeddable":true,"href":"https:\/\/www.eaucube.com\/en\/wp-json\/wp\/v2\/media\/1213"}],"wp:attachment":[{"href":"https:\/\/www.eaucube.com\/en\/wp-json\/wp\/v2\/media?parent=10561"}],"curies":[{"name":"wp","href":"https:\/\/api.w.org\/{rel}","templated":true}]}}