{"id":10572,"date":"2025-08-24T04:01:23","date_gmt":"2025-08-24T08:01:23","guid":{"rendered":"https:\/\/www.eaucube.com\/positionnement-v2\/"},"modified":"2026-03-16T09:48:24","modified_gmt":"2026-03-16T13:48:24","slug":"b2b-positioning","status":"publish","type":"page","link":"https:\/\/www.eaucube.com\/en\/b2b-positioning\/","title":{"rendered":"Positioning"},"content":{"rendered":"\n<section class=\"mcw-fp-wrapper\"><div class=\"mcw-fp-section mcw-fp-section_0d1c86-06\" data-bg-img-id=\"10125\" data-anchor=\"section1\"><div class=\"fp-bg\"><\/div><div class=\"mcw-fp-section-inner\">\n<div class=\"wp-block-columns alignwide are-vertically-aligned-center has-background-color has-text-color has-link-color wp-elements-3bbbac2135d921eadf94dea9e20e1783 is-layout-flex wp-container-core-columns-is-layout-9d6595d7 wp-block-columns-is-layout-flex\">\n<div class=\"wp-block-column is-vertically-aligned-center is-layout-flow wp-block-column-is-layout-flow\">\n<h1 class=\"wp-block-heading has-text-color has-link-color has-large-font-size wp-elements-0b063c1cce9ceee35af7763704b4549d\" id=\"h-positioning\" style=\"color:#c01491\">POSITIONING\u200b<\/h1>\n\n\n\n<h2 class=\"wp-block-heading has-background-color has-text-color has-link-color wp-elements-93bd9101a3b402dc8201c56c73ecaf11\" id=\"h-we-help-businesses-position-themselves-in-the-market\">We help businesses\u200b<br><strong>position themselves in the market.<\/strong>\u200b<\/h2>\n<\/div>\n\n\n\n<div class=\"wp-block-column is-vertically-aligned-center is-layout-flow wp-block-column-is-layout-flow\">\n<p class=\"has-background-color has-text-color has-link-color has-large-font-size wp-elements-af1e4de2a84ae667c0de1c9993f6291c\">A brand is more than just a name, a tagline, or a logo. <br>It\u2019s a promise.\u200b<\/p>\n\n\n\n<p class=\"has-background-color has-text-color has-link-color has-large-font-size wp-elements-3fc0369f807172adb4ea871a251f849d\">A well-executed brand positioning shapes how customers understand your offer, sets you apart from the competition, and influences their purchasing decisions.\u200b<\/p>\n\n\n\n<p class=\"has-background-color has-text-color has-link-color has-large-font-size wp-elements-0616bb5c18b6b32c8bb5d92ca981bd2e\">When prospects understand how your brand meets their challenges and ambitions better than anyone else, you\u2019re no longer just an option \u2014 you become THE solution.\u200b<\/p>\n\n\n\n<div class=\"wp-block-group alignwide is-style-content-full-height has-background-color has-text-color has-link-color wp-elements-0a5f09284997fb0cb72b52f498bfcf12\"><div class=\"wp-block-group__inner-container is-layout-constrained wp-block-group-is-layout-constrained\">\n<div class=\"ghostkit-button-wrapper ghostkit-button-wrapper-gap-md ghostkit-button-wrapper-align-left new-landing ghostkit-custom-2n0rtn\"><div class=\"ghostkit-button-wrapper-inner\">\n<a class=\"ghostkit-button ghostkit-button-xl ghostkit-custom-29YVR3 contactHeading\" href=\"#\" rel=\"_self\"><span class=\"ghostkit-button-text\"><strong><strong>Empower your business strategy.\u200b<\/strong><\/strong><\/span><\/a>\n<\/div><\/div>\n<\/div><\/div>\n<\/div>\n<\/div>\n<\/div><\/div>\n\n<div class=\"mcw-fp-section mcw-fp-section_f51ab3-73\" data-anchor=\"section2\"><div class=\"mcw-fp-section-inner\">\n<h2 class=\"wp-block-heading alignwide has-text-align-center has-background-color has-text-color has-link-color has-larger-font-size wp-elements-9e65fb20bc069beb6dbfbf00bd45538b\" id=\"h-as-brand-strategists-we-believe-that-positioning-is-the-building-block-upon-which-everything-is-built-the-driving-force-behind-your-brand-strategy-it-not-only-influences-how-customers-perceive-your-brand-but-also-strengthens-the-consistency-of-all-corporate-activities-from-product-development-to-sales-strategies\">As brand strategists, we believe that positioning <br>is the building block upon which everything is built <br>\u2014 the driving force behind your brand strategy.\u200b \u200b<br><br>It not only influences how customers <br>perceive your brand but also strengthens <br>the consistency of all corporate activities, <br>from product development to sales strategies.\u200b<\/h2>\n\n\n\n<p class=\"has-text-align-center\">\u200b<\/p>\n<\/div><\/div>\n\n<div class=\"mcw-fp-section mcw-fp-section_219607-68\" data-anchor=\"section3\"><div class=\"mcw-fp-section-inner\">\n<h2 class=\"wp-block-heading alignwide has-text-align-center\" id=\"h-\">\u200b<\/h2>\n\n\n\n<h2 class=\"wp-block-heading alignwide has-text-align-center has-larger-font-size\" id=\"h-our-approach-is-based-on-an-objective-analysis-of-your-competitive-ecosystem-the-strengths-of-your-products-and-or-services-their-key-differentiators-the-market-categories-they-belong-to-and-your-customers-needs\">Our approach is based on an objective analysis <br>of your competitive ecosystem, the strengths <br>of your products and\/or services, <br>their key differentiators, the market categories <br>they belong to, and your customers\u2019 needs.<\/h2>\n\n\n\n<h2 class=\"wp-block-heading alignwide has-text-align-center has-larger-font-size\" id=\"h-this-in-depth-analysis-enables-us-to-identify-the-nbsp-pillars-nbsp-on-which-to-build-your-positioning-strategy-allowing-you-to-stand-out-from-competitors-in-a-meaningful-and-enduring-way\">This in-depth analysis enables us <br>to identify the&nbsp;pillars&nbsp;on which to build <br>your positioning strategy, allowing you <br>to stand out from competitors <br>in a meaningful and enduring way.<\/h2>\n\n\n\n<div class=\"wp-block-group alignwide\"><div class=\"wp-block-group__inner-container is-layout-constrained wp-block-group-is-layout-constrained\">\n<div class=\"wp-block-group alignwide\"><div class=\"wp-block-group__inner-container is-layout-constrained wp-block-group-is-layout-constrained\">\n<div class=\"ghostkit-button-wrapper ghostkit-button-wrapper-gap-md ghostkit-button-wrapper-align-center ghostkit-custom-Z1oPpsA\"><div class=\"ghostkit-button-wrapper-inner\">\n<a class=\"ghostkit-button ghostkit-button-xl ghostkit-custom-Z1jzQz7 contactHeading\" href=\"#\" rel=\"_self\"><span class=\"ghostkit-button-text\">Empower your business strategy.<\/span><\/a>\n<\/div><\/div>\n<\/div><\/div>\n\n\n\n<p class=\"has-text-align-center\"> \u200b<\/p>\n<\/div><\/div>\n\n\n\n<div class=\"wp-block-columns alignwide is-layout-flex wp-container-core-columns-is-layout-9d6595d7 wp-block-columns-is-layout-flex\">\n<div class=\"wp-block-column is-layout-flow wp-block-column-is-layout-flow\" style=\"flex-basis:100%\"><\/div>\n<\/div>\n<\/div><\/div>\n\n<div class=\"mcw-fp-section mcw-fp-section_7ccfad-44 two-colum-height\" data-anchor=\"section4\"><div class=\"mcw-fp-section-inner\">\n<div class=\"wp-block-group alignfull content-full-height--auto-space-left ghostkit-custom-Z2tjtKn is-style-content-full-height--split-bg-light_charcoal-to-dark_charcoal\"><div class=\"wp-block-group__inner-container is-layout-flow wp-block-group-is-layout-flow\">\n<div class=\"alignwide ghostkit-grid ghostkit-grid-gap-custom ghostkit-custom-Z1ztG1c\"><div class=\"ghostkit-grid-inner\">\n<div class=\"ghostkit-col ghostkit-col-md-12 ghostkit-col-lg-12 ghostkit-col-6 ghostkit-col-align-self-center ghostkit-col-sticky-top ghostkit-custom-1Et5Gl\"><div class=\"ghostkit-col-content is-layout-flow wp-block-ghostkit-grid-column-is-layout-flow\">\n<div class=\"wp-block-group ghostkit-custom-23BRhy\"><div class=\"wp-block-group__inner-container is-layout-flow wp-block-group-is-layout-flow\">\n<h2 class=\"wp-block-heading\" id=\"h-we-help-businesses-define-their-positioning-strategy-so-their-brand-resonates\">We\u00a0help\u00a0businesses define\u00a0their\u00a0positioning strategy\u00a0so\u00a0their\u00a0brand resonates.<\/h2>\n<\/div><\/div>\n<\/div><\/div>\n\n\n\n<div class=\"ghostkit-col ghostkit-col-lg-12 ghostkit-col-6 ghostkit-col-sticky-top test-col-2 ghostkit-d-block ghostkit-d-lg-none ghostkit-custom-13I2Q7\"><div class=\"ghostkit-col-content is-layout-flow wp-block-ghostkit-grid-column-is-layout-flow\">\n<p class=\"has-normal-font-size\"><strong>Positioning Strategy<\/strong><\/p>\n\n\n\n<ul style=\"color:#c01491\" class=\"wp-block-list is-style-default has-text-color has-link-color has-normal-font-size wp-elements-99f46019c7606b41d471cd6138fb39ce\">\n<li class=\"has-normal-font-size\">Competitive positioning analysis\u200b<\/li>\n\n\n\n<li class=\"has-normal-font-size\">Brand audit and SWOT analysis\u200b<\/li>\n\n\n\n<li class=\"has-normal-font-size\">Perception surveys and customer journey mapping\u200b<\/li>\n\n\n\n<li class=\"has-normal-font-size\">Differentiation strategy\u200b<\/li>\n\n\n\n<li class=\"has-normal-font-size\">Category design<\/li>\n<\/ul>\n<\/div><\/div>\n<\/div><\/div>\n<\/div><\/div>\n<\/div><\/div>\n\n<div class=\"mcw-fp-section mcw-fp-section_6261dc-9d\" data-bg-img-id=\"10125\" data-anchor=\"section5\"><div class=\"fp-bg\"><\/div><div class=\"mcw-fp-section-inner\">\n<h2 class=\"wp-block-heading alignwide has-text-align-center has-background-color has-text-color has-link-color wp-elements-8ad674a049ee07e42ab3f5a35bf61fe7\" id=\"h-why-positioning-is-and-always-should-be-the-backbone-of-a-strong-brand-strategy\">Why positioning is (and always should be) the backbone of a strong brand strategy<\/h2>\n\n\n\n<div class=\"wp-block-group alignwide has-background-color has-text-color has-link-color wp-elements-7037d4cbbf2db4cb6f55b9fe58e5e567 is-content-justification-center is-nowrap is-layout-flex wp-container-core-group-is-layout-94bc23d7 wp-block-group-is-layout-flex\">\n<div class=\"ghostkit-button-wrapper ghostkit-button-wrapper-gap-md ghostkit-button-wrapper-align-left new-landing ghostkit-custom-19w0y1\"><div class=\"ghostkit-button-wrapper-inner\">\n<a class=\"ghostkit-button ghostkit-button-xl ghostkit-custom-1WUAx4\" href=\"https:\/\/www.eaucube.com\/en\/insights\/why-positioning-is-the-backbone-of-a-strong-brand-strategy\/\" rel=\"_self\"><span class=\"ghostkit-button-text\"><strong>Read the article.<\/strong><\/span><\/a>\n<\/div><\/div>\n<\/div>\n<\/div><\/div>\n\n<div class=\"mcw-fp-section mcw-fp-section_6efa08-f7\" data-anchor=\"section6\"><div class=\"mcw-fp-section-inner\">\n<h2 class=\"wp-block-heading alignwide has-text-align-center has-background-color has-text-color has-link-color wp-elements-d348cad2877db603736a5458902e6b8a\" id=\"h-strategists-writers-and-visual-artists-we-combine-the-creativity-of-a-marketing-agency-with-the-expertise-of-a-consulting-firm\">Strategists, writers, and visual artists, <br>we\u00a0combine the\u00a0creativity of\u00a0a\u00a0marketing\u00a0agency <br>with\u00a0the\u00a0expertise of\u00a0a\u00a0consulting\u00a0firm.<\/h2>\n\n\n\n<h2 class=\"wp-block-heading has-text-align-center has-text-color has-link-color has-normal-font-size wp-elements-7af9b01fb4758db60500c65cc6e14e28\" id=\"h-more-strategic-guidance\" style=\"color:#c01491\">More strategic guidance. <\/h2>\n\n\n\n<h2 class=\"wp-block-heading has-text-align-center has-text-color has-link-color has-normal-font-size wp-elements-cc71df13bcba95c85241b63743e35aff\" id=\"h-more-operational-support\" style=\"color:#c01491\">More operational support.\u2028<\/h2>\n\n\n\n<h3 class=\"wp-block-heading has-text-align-center has-text-color has-link-color has-normal-font-size wp-elements-d691647e18d8bcfdb82572cb59b0d637\" id=\"h-better-outcomes\" style=\"color:#c01491\">Better outcomes.\u200b<\/h3>\n<\/div><\/div>\n\n<div class=\"mcw-fp-section mcw-fp-section_2175e3-48\" data-anchor=\"section7\"><div class=\"mcw-fp-section-inner\">\n<h4 class=\"wp-block-heading alignwide has-text-align-center text\" id=\"h-eau\u00b3-is-a-boutique-b2b-branding-and-marketing-agency-committed-and-straightforward-our-approach-is-built-on-close-collaboration-continuous-attention-to-your-needs-and-a-deep-understanding-of-your-reality\">eau\u00b3 is a boutique B2B\u00a0branding and\u00a0marketing\u00a0agency. <br>Committed and straightforward, our\u00a0approach <br>is built on close\u00a0collaboration, continuous attention <br>to\u00a0your\u00a0needs, and\u00a0a\u00a0deep\u00a0understanding of\u00a0your\u00a0reality.\u200b<\/h4>\n\n\n\n<h3 class=\"wp-block-heading alignwide has-text-align-center ghostkit-custom-2u1HMj\" id=\"h-stand-out\">Stand out.<\/h3>\n\n\n\n<div class=\"wp-block-group alignwide\"><div class=\"wp-block-group__inner-container is-layout-constrained wp-block-group-is-layout-constrained\">\n<div class=\"ghostkit-button-wrapper ghostkit-button-wrapper-gap-md ghostkit-button-wrapper-align-center ghostkit-custom-27YGK9\"><div class=\"ghostkit-button-wrapper-inner\">\n<a class=\"ghostkit-button ghostkit-button-xl ghostkit-custom-ZjVFAu contactHeading\" href=\"#\" rel=\"_self\"><span class=\"ghostkit-button-text\">Contact-us.<\/span><\/a>\n<\/div><\/div>\n<\/div><\/div>\n<\/div><\/div><\/section>\n","protected":false},"excerpt":{"rendered":"","protected":false},"author":6,"featured_media":1213,"parent":0,"menu_order":0,"comment_status":"closed","ping_status":"closed","template":"templates\/landing-page-v2.php","meta":{"_acf_changed":false,"inline_featured_image":false,"ghostkit_customizer_options":"","ghostkit_custom_css":"","ghostkit_custom_js_head":"","ghostkit_custom_js_foot":"","ghostkit_typography":"","footnotes":""},"class_list":["post-10572","page","type-page","status-publish","has-post-thumbnail","hentry"],"acf":[],"yoast_head":"<!-- This site is optimized with the Yoast SEO Premium plugin v27.4 (Yoast SEO v27.4) - https:\/\/yoast.com\/product\/yoast-seo-premium-wordpress\/ -->\n<title>Brand Positioning - Category Design| eau\u00b3 \/\/ Branding + Marketing<\/title>\n<meta name=\"description\" content=\"Category Design. Brand Positioning. Specialized B2B Agency. Differentiation strategies. Brand creative platforms. Branding Agency Montreal.\" \/>\n<meta name=\"robots\" content=\"index, follow, max-snippet:-1, max-image-preview:large, max-video-preview:-1\" \/>\n<link rel=\"canonical\" href=\"https:\/\/www.eaucube.com\/en\/b2b-positioning\/\" \/>\n<meta property=\"og:locale\" content=\"en_US\" \/>\n<meta property=\"og:type\" content=\"article\" \/>\n<meta property=\"og:title\" content=\"Agence boutique sp\u00e9cialis\u00e9e en branding et en marketing B2B | eau\u00b3 \/\/ Branding + Marketing\" \/>\n<meta property=\"og:description\" content=\"eau\u00b3 est une agence de branding et de marketing B2B. Strat\u00e8ges, r\u00e9dacteurs et cr\u00e9ateurs visuels, nous aidons les entreprises \u00e0 communiquer leur unicit\u00e9 pour acc\u00e9l\u00e9rer leur croissance, \u00e0 p\u00e9n\u00e9trer de nouveaux march\u00e9s et \u00e0 se d\u00e9marquer dans leur niche de march\u00e9.\" \/>\n<meta property=\"og:url\" content=\"https:\/\/www.eaucube.com\/en\/b2b-positioning\/\" \/>\n<meta property=\"og:site_name\" content=\"eau\u00b3 \/\/ Branding + Marketing\" \/>\n<meta property=\"article:publisher\" content=\"https:\/\/www.facebook.com\/eau3agence\" \/>\n<meta property=\"article:modified_time\" content=\"2026-03-16T13:48:24+00:00\" \/>\n<meta property=\"og:image\" content=\"https:\/\/www.eaucube.com\/wp-content\/uploads\/2022\/03\/eau3-branding-marketing-b2b-in.jpg?wsr\" \/>\n\t<meta property=\"og:image:width\" content=\"1920\" \/>\n\t<meta property=\"og:image:height\" content=\"1246\" \/>\n\t<meta property=\"og:image:type\" content=\"image\/jpeg\" \/>\n<meta name=\"twitter:card\" content=\"summary_large_image\" \/>\n<meta name=\"twitter:title\" content=\"Agence boutique sp\u00e9cialis\u00e9e en branding et en marketing B2B | eau\u00b3 \/\/ Branding + Marketing\" \/>\n<meta name=\"twitter:description\" content=\"eau\u00b3 est une agence de branding et de marketing B2B. Strat\u00e8ges, r\u00e9dacteurs et cr\u00e9ateurs visuels, nous aidons les entreprises \u00e0 communiquer leur unicit\u00e9 pour acc\u00e9l\u00e9rer leur croissance, \u00e0 p\u00e9n\u00e9trer de nouveaux march\u00e9s et \u00e0 se d\u00e9marquer dans leur niche de march\u00e9.\" \/>\n<meta name=\"twitter:site\" content=\"@eau3\" \/>\n<meta name=\"twitter:label1\" content=\"Est. reading time\" \/>\n\t<meta name=\"twitter:data1\" content=\"2 minutes\" \/>\n<meta name=\"geo.placename\" content=\"Montr\u00e9al\" \/>\n<meta name=\"geo.position\" content=\"45.476147062331066;-73.57892066279877\" \/>\n<meta name=\"geo.region\" content=\"Canada\" \/>\n<!-- \/ Yoast SEO Premium plugin. -->","yoast_head_json":{"title":"Brand Positioning - Category Design| eau\u00b3 \/\/ Branding + Marketing","description":"Category Design. Brand Positioning. Specialized B2B Agency. Differentiation strategies. Brand creative platforms. Branding Agency Montreal.","robots":{"index":"index","follow":"follow","max-snippet":"max-snippet:-1","max-image-preview":"max-image-preview:large","max-video-preview":"max-video-preview:-1"},"canonical":"https:\/\/www.eaucube.com\/en\/b2b-positioning\/","og_locale":"en_US","og_type":"article","og_title":"Agence boutique sp\u00e9cialis\u00e9e en branding et en marketing B2B | eau\u00b3 \/\/ Branding + Marketing","og_description":"eau\u00b3 est une agence de branding et de marketing B2B. Strat\u00e8ges, r\u00e9dacteurs et cr\u00e9ateurs visuels, nous aidons les entreprises \u00e0 communiquer leur unicit\u00e9 pour acc\u00e9l\u00e9rer leur croissance, \u00e0 p\u00e9n\u00e9trer de nouveaux march\u00e9s et \u00e0 se d\u00e9marquer dans leur niche de march\u00e9.","og_url":"https:\/\/www.eaucube.com\/en\/b2b-positioning\/","og_site_name":"eau\u00b3 \/\/ Branding + Marketing","article_publisher":"https:\/\/www.facebook.com\/eau3agence","article_modified_time":"2026-03-16T13:48:24+00:00","og_image":[{"width":1920,"height":1246,"url":"https:\/\/www.eaucube.com\/wp-content\/uploads\/2022\/03\/eau3-branding-marketing-b2b-in.jpg?wsr","type":"image\/jpeg"}],"twitter_card":"summary_large_image","twitter_title":"Agence boutique sp\u00e9cialis\u00e9e en branding et en marketing B2B | eau\u00b3 \/\/ Branding + Marketing","twitter_description":"eau\u00b3 est une agence de branding et de marketing B2B. Strat\u00e8ges, r\u00e9dacteurs et cr\u00e9ateurs visuels, nous aidons les entreprises \u00e0 communiquer leur unicit\u00e9 pour acc\u00e9l\u00e9rer leur croissance, \u00e0 p\u00e9n\u00e9trer de nouveaux march\u00e9s et \u00e0 se d\u00e9marquer dans leur niche de march\u00e9.","twitter_site":"@eau3","twitter_misc":{"Est. reading time":"2 minutes"},"schema":{"@context":"https:\/\/schema.org","@graph":[{"@type":["WebPage","AboutPage"],"@id":"https:\/\/www.eaucube.com\/en\/b2b-positioning\/","url":"https:\/\/www.eaucube.com\/en\/b2b-positioning\/","name":"Brand Positioning - Category Design| eau\u00b3 \/\/ Branding + Marketing","isPartOf":{"@id":"https:\/\/www.eaucube.com\/en\/#website"},"primaryImageOfPage":{"@id":"https:\/\/www.eaucube.com\/en\/b2b-positioning\/#primaryimage"},"image":{"@id":"https:\/\/www.eaucube.com\/en\/b2b-positioning\/#primaryimage"},"thumbnailUrl":"https:\/\/www.eaucube.com\/wp-content\/uploads\/2022\/03\/eau3-branding-marketing-b2b-in.jpg?wsr","datePublished":"2025-08-24T08:01:23+00:00","dateModified":"2026-03-16T13:48:24+00:00","description":"Category Design. Brand Positioning. Specialized B2B Agency. Differentiation strategies. Brand creative platforms. Branding Agency Montreal.","breadcrumb":{"@id":"https:\/\/www.eaucube.com\/en\/b2b-positioning\/#breadcrumb"},"inLanguage":"en-CA","potentialAction":[{"@type":"ReadAction","target":["https:\/\/www.eaucube.com\/en\/b2b-positioning\/"]}]},{"@type":"ImageObject","inLanguage":"en-CA","@id":"https:\/\/www.eaucube.com\/en\/b2b-positioning\/#primaryimage","url":"https:\/\/www.eaucube.com\/wp-content\/uploads\/2022\/03\/eau3-branding-marketing-b2b-in.jpg?wsr","contentUrl":"https:\/\/www.eaucube.com\/wp-content\/uploads\/2022\/03\/eau3-branding-marketing-b2b-in.jpg?wsr","width":1920,"height":1246,"caption":"branding et marketing B2B Agence eau3 Agency Logo image"},{"@type":"BreadcrumbList","@id":"https:\/\/www.eaucube.com\/en\/b2b-positioning\/#breadcrumb","itemListElement":[{"@type":"ListItem","position":1,"name":"B2B Branding Marketing Agency","item":"https:\/\/www.eaucube.com\/en\/"},{"@type":"ListItem","position":2,"name":"Agence B2B Montr\u00e9al"}]},{"@type":"WebSite","@id":"https:\/\/www.eaucube.com\/en\/#website","url":"https:\/\/www.eaucube.com\/en\/","name":"eau\u00b3 \/\/ Branding + Marketing","description":"","publisher":{"@id":"https:\/\/www.eaucube.com\/en\/#organization"},"alternateName":"eau\u00b3","potentialAction":[{"@type":"SearchAction","target":{"@type":"EntryPoint","urlTemplate":"https:\/\/www.eaucube.com\/en\/?s={search_term_string}"},"query-input":{"@type":"PropertyValueSpecification","valueRequired":true,"valueName":"search_term_string"}}],"inLanguage":"en-CA"},{"@type":["Organization","Place","ProfessionalService"],"@id":"https:\/\/www.eaucube.com\/en\/#organization","name":"eau\u00b3","alternateName":"eau\u00b3 \/\/ Branding + Marketing","url":"https:\/\/www.eaucube.com\/en\/","logo":{"@id":"https:\/\/www.eaucube.com\/en\/b2b-positioning\/#local-main-organization-logo"},"image":{"@id":"https:\/\/www.eaucube.com\/en\/b2b-positioning\/#local-main-organization-logo"},"sameAs":["https:\/\/www.facebook.com\/eau3agence","https:\/\/x.com\/eau3","https:\/\/mastodon.social\/@eau3","https:\/\/www.instagram.com\/eau3\/","https:\/\/www.linkedin.com\/company\/eau-branding-marketing-advertising\/","https:\/\/www.threads.net\/@eau3","https:\/\/www.behance.net\/eau3","https:\/\/myspace.com\/eaucube","https:\/\/bsky.app\/profile\/eaucube.com","https:\/\/www.pinterest.ca\/eaucube\/","https:\/\/www.youtube.com\/@eau3"],"description":"eau\u00b3 is a highly efficient boutique B2B branding and marketing agency that combines the creativity of a marketing agency with the expertise of a consulting firm.\u200b Strategists, copywriters, and visual artists, we\u2019ve been helping companies across industries shape their identity and stand out for over 20 years.\u200b","legalName":"eau3 inc.","foundingDate":"2005-10-15","duns":"243740656","naics":"541613","numberOfEmployees":{"@type":"QuantitativeValue","minValue":"1","maxValue":"10"},"publishingPrinciples":"https:\/\/www.eaucube.com\/confidentialite\/","actionableFeedbackPolicy":"https:\/\/www.eaucube.com\/confidentialite\/","correctionsPolicy":"https:\/\/www.eaucube.com\/confidentialite\/","ethicsPolicy":"https:\/\/www.eaucube.com\/confidentialite\/","address":{"@id":"https:\/\/www.eaucube.com\/en\/b2b-positioning\/#local-main-place-address"},"geo":{"@type":"GeoCoordinates","latitude":"45.476147062331066","longitude":"-73.57892066279877"},"telephone":["+1.514.272.0303"],"openingHoursSpecification":[{"@type":"OpeningHoursSpecification","dayOfWeek":["Monday","Tuesday","Wednesday","Thursday","Friday"],"opens":"09:00","closes":"17:00"},{"@type":"OpeningHoursSpecification","dayOfWeek":["Saturday","Sunday"],"opens":"00:00","closes":"00:00"}],"email":"contact@eaucube.com","vatID":"144777240RT0001","taxID":"1202176191TQ0001"},{"@type":"PostalAddress","@id":"https:\/\/www.eaucube.com\/en\/b2b-positioning\/#local-main-place-address","streetAddress":"3970, rue Saint-Ambroise, Bureau 030","addressLocality":"Montr\u00e9al","postalCode":"H4C 2C7","addressRegion":"QC","addressCountry":"CA"},{"@type":"ImageObject","inLanguage":"en-CA","@id":"https:\/\/www.eaucube.com\/en\/b2b-positioning\/#local-main-organization-logo","url":"https:\/\/www.eaucube.com\/wp-content\/uploads\/2025\/02\/eau3_696.jpg?wsr","contentUrl":"https:\/\/www.eaucube.com\/wp-content\/uploads\/2025\/02\/eau3_696.jpg?wsr","width":696,"height":696,"caption":"eau\u00b3"}]},"geo.placename":"Montr\u00e9al","geo.position":{"lat":"45.476147062331066","long":"-73.57892066279877"},"geo.region":"Canada"},"_links":{"self":[{"href":"https:\/\/www.eaucube.com\/en\/wp-json\/wp\/v2\/pages\/10572","targetHints":{"allow":["GET"]}}],"collection":[{"href":"https:\/\/www.eaucube.com\/en\/wp-json\/wp\/v2\/pages"}],"about":[{"href":"https:\/\/www.eaucube.com\/en\/wp-json\/wp\/v2\/types\/page"}],"author":[{"embeddable":true,"href":"https:\/\/www.eaucube.com\/en\/wp-json\/wp\/v2\/users\/6"}],"replies":[{"embeddable":true,"href":"https:\/\/www.eaucube.com\/en\/wp-json\/wp\/v2\/comments?post=10572"}],"version-history":[{"count":1,"href":"https:\/\/www.eaucube.com\/en\/wp-json\/wp\/v2\/pages\/10572\/revisions"}],"predecessor-version":[{"id":11905,"href":"https:\/\/www.eaucube.com\/en\/wp-json\/wp\/v2\/pages\/10572\/revisions\/11905"}],"wp:featuredmedia":[{"embeddable":true,"href":"https:\/\/www.eaucube.com\/en\/wp-json\/wp\/v2\/media\/1213"}],"wp:attachment":[{"href":"https:\/\/www.eaucube.com\/en\/wp-json\/wp\/v2\/media?parent=10572"}],"curies":[{"name":"wp","href":"https:\/\/api.w.org\/{rel}","templated":true}]}}