{"id":1092,"date":"2021-11-14T18:07:44","date_gmt":"2021-11-14T23:07:44","guid":{"rendered":"https:\/\/www.eaucube.com\/contact\/"},"modified":"2025-09-09T16:00:29","modified_gmt":"2025-09-09T20:00:29","slug":"contact","status":"publish","type":"page","link":"https:\/\/www.eaucube.com\/en\/contact\/","title":{"rendered":"Contact"},"content":{"rendered":"\n<section class=\"mcw-fp-wrapper\"><div class=\"mcw-fp-section mcw-fp-section_bcc78f-4e\" data-anchor=\"section3\"><div class=\"mcw-fp-section-inner\">\n<h2 class=\"wp-block-heading alignwide has-text-align-center\" id=\"h-collaboration-begins-now\">Collaboration begins now<\/h2>\n\n\n\n<p class=\"has-text-align-center has-normal-font-size\">Welcome to eau\u00b3 \/\/ Branding+Marketing. <\/p>\n\n\n\n<p class=\"has-text-align-center has-normal-font-size\"><br>We are located in the heart of Saint-Henri, <br>a few steps from the Lachine Canal and the Atwater Market, <br>at the Entrep\u00f4ts Dominion.<br><\/p>\n\n\n\n<p class=\"has-text-align-center ghostkit-d-sm-none titre has-normal-font-size\">3970 Saint-Ambroise St., Suite 030<\/p>\n\n\n\n<p class=\"has-text-align-center ghostkit-d-sm-none titre has-normal-font-size\">Montr\u00e9al QC H4C 2C7 Canada <br><\/p>\n\n\n\n<p class=\"has-text-align-center has-normal-font-size\">Find us on sur <a href=\"https:\/\/maps.apple.com\/place?address=030-3970%20Rue%20St-Ambroise%2C%20Montr%C3%A9al%20QC%20H4C%202C7%2C%20Canada&amp;coordinate=45.475397%2C-73.580042&amp;name=eau%C2%B3%20Branding%20Marketing&amp;place-id=I4A2A70C1E81B43C1&amp;_provider=9902\">Apple Maps<\/a> or <a href=\"https:\/\/www.google.com\/maps\/place\/eau%C2%B3+%7C+Branding%2BMarketing\/@45.4756837,-73.5824674,17z\/data=!3m1!4b1!4m6!3m5!1s0x4cc91083224fc6db:0xebf3aff2e315539d!8m2!3d45.4756837!4d-73.5798871!16s%2Fg%2F1wl4q6hc?entry=ttu&amp;hl=en\">Google Maps<\/a><\/p>\n\n\n\n<h1 class=\"wp-block-heading has-text-align-center has-subtle-background-color has-text-color has-link-color wp-elements-d03df7cf04f2e8be632137c1acee01c3\" id=\"h-marketing-agency-in-montreal\" style=\"font-size:8px\">Marketing Agency in Montr\u00e9al<\/h1>\n<\/div><\/div>\n\n<div class=\"mcw-fp-section mcw-fp-section_343ac7-14\" data-anchor=\"section2\"><div class=\"mcw-fp-section-inner\">\n<div class=\"alignfull ghostkit-grid ghostkit-grid-gap-no ghostkit-grid-with-bg screen-height\" id=\"contact\"><div class=\"nk-awb\"><div class=\"nk-awb-wrap\" data-awb-type=\"color\"><div class=\"nk-awb-overlay\" style=\"background-color:#1b1d24\"><\/div><\/div><\/div><div class=\"ghostkit-grid-inner\">\n<div class=\"ghostkit-col ghostkit-col-lg-12 ghostkit-col-6 ghostkit-col-with-bg screen-height ghostkit-d-block ghostkit-d-lg-none ghostkit-custom-1EiGsV is-layout-flow wp-block-ghostkit-grid-column-is-layout-flow\"><div class=\"nk-awb\"><div class=\"nk-awb-wrap\" data-awb-type=\"image\" data-awb-image-background-size=\"cover\" data-awb-image-background-position=\"50% 50%\"><div class=\"nk-awb-inner\"><img decoding=\"async\" src=\"https:\/\/www.eaucube.com\/wp-content\/uploads\/2024\/04\/b2b-branding-marketing-agency-agence-marque.jpg\" class=\"wp-image-915 jarallax-img\" alt=\"b2b branding marketing agency agence de marque\" width=\"1410\" height=\"1880\" srcset=\"https:\/\/www.eaucube.com\/wp-content\/uploads\/2024\/04\/b2b-branding-marketing-agency-agence-marque.jpg 1410w, https:\/\/www.eaucube.com\/wp-content\/uploads\/2024\/04\/b2b-branding-marketing-agency-agence-marque-225x300.jpg 225w, https:\/\/www.eaucube.com\/wp-content\/uploads\/2024\/04\/b2b-branding-marketing-agency-agence-marque-768x1024.jpg 768w, https:\/\/www.eaucube.com\/wp-content\/uploads\/2024\/04\/b2b-branding-marketing-agency-agence-marque-1152x1536.jpg 1152w, https:\/\/www.eaucube.com\/wp-content\/uploads\/2024\/04\/b2b-branding-marketing-agency-agence-marque-1200x1600.jpg 1200w\" sizes=\"(max-width: 1410px) 100vw, 1410px\" \/><\/div><\/div><\/div><div class=\"ghostkit-col-content\"><\/div><\/div>\n\n\n\n<div class=\"ghostkit-col ghostkit-col-lg-12 ghostkit-col-6 ghostkit-col-align-self-center screen-height\"><div class=\"ghostkit-col-content is-layout-flow wp-block-ghostkit-grid-column-is-layout-flow\">\n<div class=\"ghostkit-grid ghostkit-grid-gap-md ghostkit-grid-justify-content-center\"><div class=\"ghostkit-grid-inner\">\n<div class=\"ghostkit-col\"><div class=\"ghostkit-col-content is-layout-flow wp-block-ghostkit-grid-column-is-layout-flow\">\n<div class=\"wp-block-group max-w-110 mx-auto px-5 ghostkit-custom-1OCDWO\"><div class=\"wp-block-group__inner-container is-layout-flow wp-block-group-is-layout-flow\">\n<h2 class=\"wp-block-heading has-background-color has-text-color\" id=\"h-i-have-a-project\" style=\"font-size:36px\">I have a project<\/h2>\n\n\n\n<div class=\"wp-block-contact-form-7-contact-form-selector\">\n<div class=\"wpcf7 no-js\" id=\"wpcf7-f11775-o1\" lang=\"en-CA\" dir=\"ltr\" data-wpcf7-id=\"11775\">\n<div class=\"screen-reader-response\"><p role=\"status\" aria-live=\"polite\" aria-atomic=\"true\"><\/p> <ul><\/ul><\/div>\n<form action=\"\/en\/wp-json\/wp\/v2\/pages\/1092#wpcf7-f11775-o1\" method=\"post\" class=\"wpcf7-form init\" aria-label=\"Contact form\" novalidate=\"novalidate\" data-status=\"init\">\n<fieldset class=\"hidden-fields-container\"><input type=\"hidden\" name=\"_wpcf7\" value=\"11775\" \/><input type=\"hidden\" name=\"_wpcf7_version\" value=\"6.1.5\" \/><input type=\"hidden\" name=\"_wpcf7_locale\" value=\"en_CA\" \/><input type=\"hidden\" name=\"_wpcf7_unit_tag\" value=\"wpcf7-f11775-o1\" \/><input type=\"hidden\" name=\"_wpcf7_container_post\" value=\"0\" \/><input type=\"hidden\" name=\"_wpcf7_posted_data_hash\" value=\"\" \/>\n<\/fieldset>\n<p><span class=\"wpcf7-form-control-wrap\" data-name=\"your-name\"><input size=\"40\" maxlength=\"400\" class=\"wpcf7-form-control wpcf7-text wpcf7-validates-as-required\" aria-required=\"true\" aria-invalid=\"false\" placeholder=\"Name\" value=\"\" type=\"text\" name=\"your-name\" \/><\/span><br \/>\n<span class=\"wpcf7-form-control-wrap\" data-name=\"your-email\"><input size=\"40\" maxlength=\"400\" class=\"wpcf7-form-control wpcf7-email wpcf7-validates-as-required wpcf7-text wpcf7-validates-as-email\" aria-required=\"true\" aria-invalid=\"false\" placeholder=\"Email\" value=\"\" type=\"email\" name=\"your-email\" \/><\/span><br \/>\n<span class=\"wpcf7-form-control-wrap\" data-name=\"your-phone\"><input size=\"40\" maxlength=\"400\" class=\"wpcf7-form-control wpcf7-tel wpcf7-text wpcf7-validates-as-tel\" aria-invalid=\"false\" placeholder=\"Telephone\" value=\"\" type=\"tel\" name=\"your-phone\" \/><\/span><br \/>\n<span class=\"wpcf7-form-control-wrap\" data-name=\"your-message\"><textarea cols=\"40\" rows=\"10\" maxlength=\"2000\" class=\"wpcf7-form-control wpcf7-textarea\" aria-invalid=\"false\" placeholder=\"Comments\" name=\"your-message\"><\/textarea><\/span>\n<\/p>\n<div class=\"\">\n\t<p><button type=\"submit\" class=\"wpcf7-form-control wpcf7-submit buttons-primary buttons-primary--arrow\">Send<\/button>\n\t<\/p>\n<\/div><div class=\"wpcf7-response-output\" aria-hidden=\"true\"><\/div>\n<\/form>\n<\/div>\n<\/div>\n\n\n\n<p><\/p>\n\n\n\n<h2 data-gkt-effects=\"{&quot;reveal&quot;:{&quot;x&quot;:0,&quot;y&quot;:0,&quot;opacity&quot;:0,&quot;scale&quot;:1,&quot;transition&quot;:{&quot;type&quot;:&quot;easing&quot;,&quot;duration&quot;:0.90000000000000002220446049250313080847263336181640625,&quot;delay&quot;:0,&quot;easing&quot;:[0.5,0,0,1]}}}\" class=\"wp-block-heading ghostkit-custom-15y32H has-background-color has-text-color ghostkit-effects-reveal\" id=\"h-be-part-of-the-team\" style=\"font-size:24px\">Be part of the team?<\/h2>\n\n\n\n<button type=\"submit\" class=\"wpcf7-form-control wpcf7-submit buttons-primary buttons-primary--arrow\"><a title=\"Marketing Agency Montreal\" target=\"_blank\" href=\"mailto:join.the.team@eaucube.com\" rel=\"noopener\"><svg width=\"373\" height=\"21\" viewBox=\"0 0 373 21\" fill=\"none\" xmlns=\"http:\/\/www.w3.org\/2000\/svg\"><text fill=\"white\" xml:space=\"preserve\" style=\"white-space: pre\" font-family=\"Noto Serif\" font-size=\"20\" font-weight=\"300\" letter-spacing=\"0em\"><tspan x=\"0\" y=\"15.76\">join.the.team@eaucube.com<\/tspan><\/text><\/svg><\/a><\/button>\n\n\n\n<p><\/p>\n<\/div><\/div>\n<\/div><\/div>\n<\/div><\/div>\n<\/div><\/div>\n<\/div><\/div>\n<\/div><\/div>\n\n<div class=\"mcw-fp-section mcw-fp-section_136bf0-9d\" data-anchor=\"section3\"><div class=\"mcw-fp-section-inner\">\n<h4 class=\"wp-block-heading alignwide has-text-align-center text\" id=\"h-eau\u00b3-is-a-boutique-b2b-branding-and-marketing-agency-committed-and-straightforward-our-approach-is-built-on-close-collaboration-continuous-attention-to-your-needs-and-a-deep-understanding-of-your-reality\">eau\u00b3 is a boutique B2B branding and marketing agency.  <br>Committed and straightforward, our approach <br>is built on close collaboration, continuous attention <br>to your needs, and a deep understanding of your reality.\u200b<\/h4>\n\n\n\n<h3 class=\"wp-block-heading alignwide has-text-align-center ghostkit-custom-2u1HMj\" id=\"h-stand-out\">Stand out.<\/h3>\n<\/div><\/div><\/section>\n","protected":false},"excerpt":{"rendered":"","protected":false},"author":6,"featured_media":916,"parent":0,"menu_order":0,"comment_status":"closed","ping_status":"closed","template":"templates\/landing-page-v2.php","meta":{"_acf_changed":false,"inline_featured_image":false,"ghostkit_customizer_options":"","ghostkit_custom_css":"","ghostkit_custom_js_head":"","ghostkit_custom_js_foot":"","ghostkit_typography":"","footnotes":""},"class_list":["post-1092","page","type-page","status-publish","has-post-thumbnail","hentry"],"acf":[],"yoast_head":"<!-- This site is optimized with the Yoast SEO Premium plugin v27.1 (Yoast SEO v27.3) - https:\/\/yoast.com\/product\/yoast-seo-premium-wordpress\/ -->\n<title>Marketing Agency in Montr\u00e9al | eau\u00b3 \/\/ Branding + Marketing<\/title>\n<meta name=\"description\" content=\"Marketing Agency located in Montreal, Quebec, Canada. Specialized B2B Agency. Brand strategy. Brand identity. Category design. Digital identity. Account-based marketing.\" \/>\n<meta name=\"robots\" content=\"index, follow, max-snippet:-1, max-image-preview:large, max-video-preview:-1\" \/>\n<link rel=\"canonical\" href=\"https:\/\/www.eaucube.com\/en\/contact\/\" \/>\n<meta property=\"og:locale\" content=\"en_US\" \/>\n<meta property=\"og:type\" content=\"article\" \/>\n<meta property=\"og:title\" content=\"eau\u00b3 | Branding+Marketing \/\/\/ Agence de branding et marketing B2B\" \/>\n<meta property=\"og:description\" content=\"eau\u00b3 est une agence boutique de branding et de marketing B2B hautement efficiente qui combine la cr\u00e9ativit\u00e9 d\u2019une agence \u00e0 l\u2019expertise d\u2019une firme-conseil. Strat\u00e8ges, r\u00e9dacteurs et artistes visuels, nous aidons depuis plus de 20 ans des entreprises de toutes industries \u00e0 trouver leur identit\u00e9 et \u00e0 se d\u00e9marquer.\" \/>\n<meta property=\"og:url\" content=\"https:\/\/www.eaucube.com\/en\/contact\/\" \/>\n<meta property=\"og:site_name\" content=\"eau\u00b3 \/\/ Branding + Marketing\" \/>\n<meta property=\"article:publisher\" content=\"https:\/\/www.facebook.com\/eau3agence\" \/>\n<meta property=\"article:modified_time\" content=\"2025-09-09T20:00:29+00:00\" \/>\n<meta property=\"og:image\" content=\"https:\/\/www.eaucube.com\/wp-content\/uploads\/2024\/04\/b2b-branding-marketing-agency-agence-marque.jpg\" \/>\n\t<meta property=\"og:image:width\" content=\"1410\" \/>\n\t<meta property=\"og:image:height\" content=\"1880\" \/>\n\t<meta property=\"og:image:type\" content=\"image\/jpeg\" \/>\n<meta name=\"twitter:card\" content=\"summary_large_image\" \/>\n<meta name=\"twitter:site\" content=\"@eau3\" \/>\n<meta name=\"twitter:label1\" content=\"Est. reading time\" \/>\n\t<meta name=\"twitter:data1\" content=\"1 minute\" \/>\n<meta name=\"geo.placename\" content=\"Montr\u00e9al\" \/>\n<meta name=\"geo.position\" content=\"45.476147062331066;-73.57892066279877\" \/>\n<meta name=\"geo.region\" content=\"Canada\" \/>\n<!-- \/ Yoast SEO Premium plugin. -->","yoast_head_json":{"title":"Marketing Agency in Montr\u00e9al | eau\u00b3 \/\/ Branding + Marketing","description":"Marketing Agency located in Montreal, Quebec, Canada. Specialized B2B Agency. Brand strategy. Brand identity. Category design. Digital identity. Account-based marketing.","robots":{"index":"index","follow":"follow","max-snippet":"max-snippet:-1","max-image-preview":"max-image-preview:large","max-video-preview":"max-video-preview:-1"},"canonical":"https:\/\/www.eaucube.com\/en\/contact\/","og_locale":"en_US","og_type":"article","og_title":"eau\u00b3 | Branding+Marketing \/\/\/ Agence de branding et marketing B2B","og_description":"eau\u00b3 est une agence boutique de branding et de marketing B2B hautement efficiente qui combine la cr\u00e9ativit\u00e9 d\u2019une agence \u00e0 l\u2019expertise d\u2019une firme-conseil. Strat\u00e8ges, r\u00e9dacteurs et artistes visuels, nous aidons depuis plus de 20 ans des entreprises de toutes industries \u00e0 trouver leur identit\u00e9 et \u00e0 se d\u00e9marquer.","og_url":"https:\/\/www.eaucube.com\/en\/contact\/","og_site_name":"eau\u00b3 \/\/ Branding + Marketing","article_publisher":"https:\/\/www.facebook.com\/eau3agence","article_modified_time":"2025-09-09T20:00:29+00:00","og_image":[{"width":1410,"height":1880,"url":"https:\/\/www.eaucube.com\/wp-content\/uploads\/2024\/04\/b2b-branding-marketing-agency-agence-marque.jpg","type":"image\/jpeg"}],"twitter_card":"summary_large_image","twitter_site":"@eau3","twitter_misc":{"Est. reading time":"1 minute"},"schema":{"@context":"https:\/\/schema.org","@graph":[{"@type":["WebPage","ContactPage"],"@id":"https:\/\/www.eaucube.com\/en\/contact\/","url":"https:\/\/www.eaucube.com\/en\/contact\/","name":"Marketing Agency in Montr\u00e9al | eau\u00b3 \/\/ Branding + Marketing","isPartOf":{"@id":"https:\/\/www.eaucube.com\/en\/#website"},"primaryImageOfPage":{"@id":"https:\/\/www.eaucube.com\/en\/contact\/#primaryimage"},"image":{"@id":"https:\/\/www.eaucube.com\/en\/contact\/#primaryimage"},"thumbnailUrl":"https:\/\/www.eaucube.com\/wp-content\/uploads\/2024\/04\/b2b-branding-marketing-agency-agence-marque.jpg?wsr","datePublished":"2021-11-14T23:07:44+00:00","dateModified":"2025-09-09T20:00:29+00:00","description":"Marketing Agency located in Montreal, Quebec, Canada. Specialized B2B Agency. Brand strategy. Brand identity. Category design. Digital identity. Account-based marketing.","breadcrumb":{"@id":"https:\/\/www.eaucube.com\/en\/contact\/#breadcrumb"},"inLanguage":"en-CA","potentialAction":[{"@type":"ReadAction","target":["https:\/\/www.eaucube.com\/en\/contact\/"]}]},{"@type":"ImageObject","inLanguage":"en-CA","@id":"https:\/\/www.eaucube.com\/en\/contact\/#primaryimage","url":"https:\/\/www.eaucube.com\/wp-content\/uploads\/2024\/04\/b2b-branding-marketing-agency-agence-marque.jpg?wsr","contentUrl":"https:\/\/www.eaucube.com\/wp-content\/uploads\/2024\/04\/b2b-branding-marketing-agency-agence-marque.jpg?wsr","width":1410,"height":1880,"caption":"b2b branding marketing agency agence de marque"},{"@type":"BreadcrumbList","@id":"https:\/\/www.eaucube.com\/en\/contact\/#breadcrumb","itemListElement":[{"@type":"ListItem","position":1,"name":"B2B Branding Marketing Agency","item":"https:\/\/www.eaucube.com\/en\/"},{"@type":"ListItem","position":2,"name":"Montreal B2B Agency"}]},{"@type":"WebSite","@id":"https:\/\/www.eaucube.com\/en\/#website","url":"https:\/\/www.eaucube.com\/en\/","name":"eau\u00b3 \/\/ Branding + Marketing","description":"","publisher":{"@id":"https:\/\/www.eaucube.com\/en\/#organization"},"alternateName":"eau\u00b3","potentialAction":[{"@type":"SearchAction","target":{"@type":"EntryPoint","urlTemplate":"https:\/\/www.eaucube.com\/en\/?s={search_term_string}"},"query-input":{"@type":"PropertyValueSpecification","valueRequired":true,"valueName":"search_term_string"}}],"inLanguage":"en-CA"},{"@type":["Organization","Place","ProfessionalService"],"@id":"https:\/\/www.eaucube.com\/en\/#organization","name":"eau\u00b3","alternateName":"eau\u00b3 \/\/ Branding + Marketing","url":"https:\/\/www.eaucube.com\/en\/","logo":{"@id":"https:\/\/www.eaucube.com\/en\/contact\/#local-main-organization-logo"},"image":{"@id":"https:\/\/www.eaucube.com\/en\/contact\/#local-main-organization-logo"},"sameAs":["https:\/\/www.facebook.com\/eau3agence","https:\/\/x.com\/eau3","https:\/\/mastodon.social\/@eau3","https:\/\/www.instagram.com\/eau3\/","https:\/\/www.linkedin.com\/company\/eau-branding-marketing-advertising\/","https:\/\/www.threads.net\/@eau3","https:\/\/www.behance.net\/eau3","https:\/\/myspace.com\/eaucube","https:\/\/bsky.app\/profile\/eaucube.com","https:\/\/www.pinterest.ca\/eaucube\/","https:\/\/www.youtube.com\/@eau3"],"description":"eau\u00b3 is a highly efficient boutique B2B branding and marketing agency that combines the creativity of a marketing agency with the expertise of a consulting firm.\u200b Strategists, copywriters, and visual artists, we\u2019ve been helping companies across industries shape their identity and stand out for over 20 years.\u200b","legalName":"eau3 inc.","foundingDate":"2005-10-15","duns":"243740656","naics":"541613","numberOfEmployees":{"@type":"QuantitativeValue","minValue":"1","maxValue":"10"},"publishingPrinciples":"https:\/\/www.eaucube.com\/confidentialite\/","actionableFeedbackPolicy":"https:\/\/www.eaucube.com\/confidentialite\/","correctionsPolicy":"https:\/\/www.eaucube.com\/confidentialite\/","ethicsPolicy":"https:\/\/www.eaucube.com\/confidentialite\/","address":{"@id":"https:\/\/www.eaucube.com\/en\/contact\/#local-main-place-address"},"geo":{"@type":"GeoCoordinates","latitude":"45.476147062331066","longitude":"-73.57892066279877"},"telephone":["+1.514.272.0303"],"openingHoursSpecification":[{"@type":"OpeningHoursSpecification","dayOfWeek":["Monday","Tuesday","Wednesday","Thursday","Friday"],"opens":"09:00","closes":"17:00"},{"@type":"OpeningHoursSpecification","dayOfWeek":["Saturday","Sunday"],"opens":"00:00","closes":"00:00"}],"email":"contact@eaucube.com","vatID":"144777240RT0001","taxID":"1202176191TQ0001"},{"@type":"PostalAddress","@id":"https:\/\/www.eaucube.com\/en\/contact\/#local-main-place-address","streetAddress":"3970, rue Saint-Ambroise, Bureau 030","addressLocality":"Montr\u00e9al","postalCode":"H4C 2C7","addressRegion":"QC","addressCountry":"CA"},{"@type":"ImageObject","inLanguage":"en-CA","@id":"https:\/\/www.eaucube.com\/en\/contact\/#local-main-organization-logo","url":"https:\/\/www.eaucube.com\/wp-content\/uploads\/2025\/02\/eau3_696.jpg?wsr","contentUrl":"https:\/\/www.eaucube.com\/wp-content\/uploads\/2025\/02\/eau3_696.jpg?wsr","width":696,"height":696,"caption":"eau\u00b3"}]},"geo.placename":"Montr\u00e9al","geo.position":{"lat":"45.476147062331066","long":"-73.57892066279877"},"geo.region":"Canada"},"_links":{"self":[{"href":"https:\/\/www.eaucube.com\/en\/wp-json\/wp\/v2\/pages\/1092","targetHints":{"allow":["GET"]}}],"collection":[{"href":"https:\/\/www.eaucube.com\/en\/wp-json\/wp\/v2\/pages"}],"about":[{"href":"https:\/\/www.eaucube.com\/en\/wp-json\/wp\/v2\/types\/page"}],"author":[{"embeddable":true,"href":"https:\/\/www.eaucube.com\/en\/wp-json\/wp\/v2\/users\/6"}],"replies":[{"embeddable":true,"href":"https:\/\/www.eaucube.com\/en\/wp-json\/wp\/v2\/comments?post=1092"}],"version-history":[{"count":0,"href":"https:\/\/www.eaucube.com\/en\/wp-json\/wp\/v2\/pages\/1092\/revisions"}],"wp:featuredmedia":[{"embeddable":true,"href":"https:\/\/www.eaucube.com\/en\/wp-json\/wp\/v2\/media\/916"}],"wp:attachment":[{"href":"https:\/\/www.eaucube.com\/en\/wp-json\/wp\/v2\/media?parent=1092"}],"curies":[{"name":"wp","href":"https:\/\/api.w.org\/{rel}","templated":true}]}}